{"id":43,"date":"2023-12-21T16:27:46","date_gmt":"2023-12-21T16:27:46","guid":{"rendered":"https:\/\/www.amuateoka.org\/rapa\/?page_id=43"},"modified":"2024-02-22T01:08:55","modified_gmt":"2024-02-22T01:08:55","slug":"hora-de-actuar","status":"publish","type":"page","link":"https:\/\/www.amuateoka.org\/rapa\/el-programa\/hora-de-actuar\/","title":{"rendered":"KA MAKENU KI TE A\u014aA"},"content":{"rendered":"\n<div class=\"wp-block-uagb-container uagb-block-ghkexdek alignfull uagb-is-root-container\"><div class=\"uagb-container-inner-blocks-wrap\">\n<div class=\"wp-block-uagb-container uagb-block-lxu0k9tn\">\n<div class=\"wp-block-uagb-info-box uagb-block-c0mdlamq uagb-infobox__content-wrap  uagb-infobox-icon-above-title uagb-infobox-image-valign-top\"><div class=\"uagb-ifb-content\"><div class=\"uagb-ifb-title-wrap\"><h1 class=\"uagb-ifb-title\">E ve-veri t\u0101tou, \ua78ci te hora mo a\u014ba<\/h1><\/div><\/div><\/div>\n<\/div>\n\n\n\n<div class=\"wp-block-uagb-container uagb-block-wjqscad2\">\n<div class=\"wp-block-uagb-info-box uagb-block-s5fof8eo uagb-infobox__content-wrap  uagb-infobox-icon-above-title uagb-infobox-image-valign-top\"><div class=\"uagb-ifb-content\"><div class=\"uagb-ifb-title-wrap\"><\/div><p class=\"uagb-ifb-desc\">Ko rahi \ua78c\u0101 te matahiti o te \ua78cite te cambio clim\ua78catico ko topa \ua78c\u0101 \ua78ci Rapa Nui tako\u2019a, \ua78co ira e ko riva mo haka r\u0113\u00a0 mo oho n\u014d pe nei, \ua78ce mo ta\ua78ce a\u014ba e tahi me\ua78ce mo haka rehe.<\/p><\/div><\/div>\n\n\n\n<hr class=\"wp-block-separator has-alpha-channel-opacity\"\/>\n<\/div>\n<\/div><\/div>\n\n\n\n<div class=\"wp-block-uagb-container uagb-block-2d1d3b62 alignfull uagb-is-root-container\"><div class=\"uagb-container-inner-blocks-wrap\">\n<p class=\"has-text-align-center has-ast-global-color-0-color has-text-color has-link-color wp-elements-d0ea1c3e7752c0b93d66bc5c918bb1c9\" style=\"margin-top:0;margin-right:0;margin-bottom:0;margin-left:0;padding-top:0;padding-right:0;padding-bottom:0;padding-left:0;font-size:12px\">Comparte<\/p>\n\n\n\n<div class=\"wp-block-uagb-social-share uagb-social-share__outer-wrap uagb-social-share__layout-horizontal uagb-block-a35ef970\">\n<div class=\"wp-block-uagb-social-share-child uagb-ss-repeater uagb-ss__wrapper uagb-block-62086882\"><span class=\"uagb-ss__link\" data-href=\"https:\/\/api.whatsapp.com\/send?text=\" tabindex=\"0\" role=\"button\" aria-label=\"whatsapp\"><span class=\"uagb-ss__source-wrap\"><span class=\"uagb-ss__source-icon\"><svg xmlns=\"https:\/\/www.w3.org\/2000\/svg\" viewBox=\"0 0 448 512\"><path d=\"M380.9 97.1C339 55.1 283.2 32 223.9 32c-122.4 0-222 99.6-222 222 0 39.1 10.2 77.3 29.6 111L0 480l117.7-30.9c32.4 17.7 68.9 27 106.1 27h.1c122.3 0 224.1-99.6 224.1-222 0-59.3-25.2-115-67.1-157zm-157 341.6c-33.2 0-65.7-8.9-94-25.7l-6.7-4-69.8 18.3L72 359.2l-4.4-7c-18.5-29.4-28.2-63.3-28.2-98.2 0-101.7 82.8-184.5 184.6-184.5 49.3 0 95.6 19.2 130.4 54.1 34.8 34.9 56.2 81.2 56.1 130.5 0 101.8-84.9 184.6-186.6 184.6zm101.2-138.2c-5.5-2.8-32.8-16.2-37.9-18-5.1-1.9-8.8-2.8-12.5 2.8-3.7 5.6-14.3 18-17.6 21.8-3.2 3.7-6.5 4.2-12 1.4-32.6-16.3-54-29.1-75.5-66-5.7-9.8 5.7-9.1 16.3-30.3 1.8-3.7 .9-6.9-.5-9.7-1.4-2.8-12.5-30.1-17.1-41.2-4.5-10.8-9.1-9.3-12.5-9.5-3.2-.2-6.9-.2-10.6-.2-3.7 0-9.7 1.4-14.8 6.9-5.1 5.6-19.4 19-19.4 46.3 0 27.3 19.9 53.7 22.6 57.4 2.8 3.7 39.1 59.7 94.8 83.8 35.2 15.2 49 16.5 66.6 13.9 10.7-1.6 32.8-13.4 37.4-26.4 4.6-13 4.6-24.1 3.2-26.4-1.3-2.5-5-3.9-10.5-6.6z\"><\/path><\/svg><\/span><\/span><\/span><\/div>\n\n\n\n<div class=\"wp-block-uagb-social-share-child uagb-ss-repeater uagb-ss__wrapper uagb-block-8de99042\"><span class=\"uagb-ss__link\" data-href=\"https:\/\/www.facebook.com\/sharer.php?u=\" tabindex=\"0\" role=\"button\" aria-label=\"facebook\"><span class=\"uagb-ss__source-wrap\"><span class=\"uagb-ss__source-icon\"><svg xmlns=\"https:\/\/www.w3.org\/2000\/svg\" viewBox=\"0 0 512 512\"><path d=\"M504 256C504 119 393 8 256 8S8 119 8 256c0 123.8 90.69 226.4 209.3 245V327.7h-63V256h63v-54.64c0-62.15 37-96.48 93.67-96.48 27.14 0 55.52 4.84 55.52 4.84v61h-31.28c-30.8 0-40.41 19.12-40.41 38.73V256h68.78l-11 71.69h-57.78V501C413.3 482.4 504 379.8 504 256z\"><\/path><\/svg><\/span><\/span><\/span><\/div>\n\n\n\n<div class=\"wp-block-uagb-social-share-child uagb-ss-repeater uagb-ss__wrapper uagb-block-289edd8c\"><span class=\"uagb-ss__link\" data-href=\"https:\/\/twitter.com\/share?url=\" tabindex=\"0\" role=\"button\" aria-label=\"twitter\"><span class=\"uagb-ss__source-wrap\"><span class=\"uagb-ss__source-icon\"><svg xmlns=\"https:\/\/www.w3.org\/2000\/svg\" viewBox=\"0 0 448 512\"><path d=\"M400 32H48C21.5 32 0 53.5 0 80v352c0 26.5 21.5 48 48 48h352c26.5 0 48-21.5 48-48V80c0-26.5-21.5-48-48-48zm-48.9 158.8c.2 2.8 .2 5.7 .2 8.5 0 86.7-66 186.6-186.6 186.6-37.2 0-71.7-10.8-100.7-29.4 5.3 .6 10.4 .8 15.8 .8 30.7 0 58.9-10.4 81.4-28-28.8-.6-53-19.5-61.3-45.5 10.1 1.5 19.2 1.5 29.6-1.2-30-6.1-52.5-32.5-52.5-64.4v-.8c8.7 4.9 18.9 7.9 29.6 8.3a65.45 65.45 0 0 1 -29.2-54.6c0-12.2 3.2-23.4 8.9-33.1 32.3 39.8 80.8 65.8 135.2 68.6-9.3-44.5 24-80.6 64-80.6 18.9 0 35.9 7.9 47.9 20.7 14.8-2.8 29-8.3 41.6-15.8-4.9 15.2-15.2 28-28.8 36.1 13.2-1.4 26-5.1 37.8-10.2-8.9 13.1-20.1 24.7-32.9 34z\"><\/path><\/svg><\/span><\/span><\/span><\/div>\n\n\n\n<div class=\"wp-block-uagb-social-share-child uagb-ss-repeater uagb-ss__wrapper uagb-block-67e130fa\"><span class=\"uagb-ss__link\" data-href=\"mailto:?body=\" tabindex=\"0\" role=\"button\" aria-label=\"email\"><span class=\"uagb-ss__source-wrap\"><span class=\"uagb-ss__source-icon\"><svg xmlns=\"https:\/\/www.w3.org\/2000\/svg\" viewBox=\"0 0 512 512\"><path d=\"M464 64C490.5 64 512 85.49 512 112C512 127.1 504.9 141.3 492.8 150.4L275.2 313.6C263.8 322.1 248.2 322.1 236.8 313.6L19.2 150.4C7.113 141.3 0 127.1 0 112C0 85.49 21.49 64 48 64H464zM217.6 339.2C240.4 356.3 271.6 356.3 294.4 339.2L512 176V384C512 419.3 483.3 448 448 448H64C28.65 448 0 419.3 0 384V176L217.6 339.2z\"><\/path><\/svg><\/span><\/span><\/span><\/div>\n<\/div>\n\n\n\n<div style=\"height:20px\" aria-hidden=\"true\" class=\"wp-block-spacer\"><\/div>\n<\/div><\/div>\n\n\n\n<div class=\"wp-block-uagb-container uagb-block-49ef47f9 alignfull uagb-is-root-container\"><div class=\"uagb-container-inner-blocks-wrap\">\n<div class=\"wp-block-uagb-container uagb-block-23e93b8c\">\n<div class=\"wp-block-uagb-info-box uagb-block-9e6a3e02 uagb-infobox__content-wrap  uagb-infobox-icon-above-title uagb-infobox-image-valign-top\"><div class=\"uagb-ifb-content\"><div class=\"uagb-ifb-title-wrap\"><\/div><p class=\"uagb-ifb-desc\">I te me\ua78ce era te motu nei he motu \ua78citi-\ua78citi, \ua78cina he rua henua hahine ki a ia \ua78ce<br>o te\u00a0 rake-rake o te me\ua78ce era he ecosistema, e ko roa a Rapa Nui mo \ua78cata \ua78c\ua78cati i te \ua78c\ua78cati nei he cambio clim\ua78catico. No atu \ua78ci te t\u0113tahi motu o te porinet\u012ba\u00a0 ko o\ua78co era te \ua78c\ua78cati nei \ua78ce ko \ua78cite \ua78c\u0101 ananake he aha te me\ua78ce mo a\u014ba mo haka noho, a Rapa Nui i v\u0113-veri iho ai e 5 matahiti a tu\ua78ca i \u014baro i paka-paka era te vai (he humedal e ki ena i te re\u2019o hiva ) o roto o Rano Raraku. \ua78ce te vai o Rano Kau \ua78ce o Rano Aroi n\u0101 e paka-paka e oho ena.<\/p><\/div><\/div>\n<\/div>\n\n\n\n<div class=\"wp-block-uagb-container uagb-block-aebf72b1\">\n<div class=\"wp-block-uagb-image alignleft uagb-block-1f841f4e wp-block-uagb-image--layout-default wp-block-uagb-image--effect-zoomin wp-block-uagb-image--align-left\"><figure class=\"wp-block-uagb-image__figure\"><img decoding=\"async\" srcset=\"https:\/\/www.amuateoka.org\/rapa\/wp-content\/uploads\/2023\/12\/hora-2.jpg ,https:\/\/www.amuateoka.org\/rapa\/wp-content\/uploads\/2023\/12\/hora-2.jpg 780w, https:\/\/www.amuateoka.org\/rapa\/wp-content\/uploads\/2023\/12\/hora-2.jpg 360w\" sizes=\"auto, (max-width: 480px) 150px\" src=\"https:\/\/www.amuateoka.org\/rapa\/wp-content\/uploads\/2023\/12\/hora-2.jpg\" alt=\"\" class=\"uag-image-246\" width=\"600\" height=\"450\" title=\"\" loading=\"lazy\"\/><\/figure><\/div>\n<\/div>\n<\/div><\/div>\n\n\n\n<div class=\"wp-block-uagb-container uagb-block-68428c2a alignfull uagb-is-root-container\"><div class=\"uagb-container-inner-blocks-wrap\">\n<div class=\"wp-block-uagb-container uagb-block-5cb4b96b\">\n<div class=\"wp-block-uagb-image alignleft uagb-block-ba3649d2 wp-block-uagb-image--layout-default wp-block-uagb-image--effect-zoomin wp-block-uagb-image--align-left\"><figure class=\"wp-block-uagb-image__figure\"><img decoding=\"async\" srcset=\"https:\/\/www.amuateoka.org\/rapa\/wp-content\/uploads\/2023\/12\/hora-3.jpg ,https:\/\/www.amuateoka.org\/rapa\/wp-content\/uploads\/2023\/12\/hora-3.jpg 780w, https:\/\/www.amuateoka.org\/rapa\/wp-content\/uploads\/2023\/12\/hora-3.jpg 360w\" sizes=\"auto, (max-width: 480px) 150px\" src=\"https:\/\/www.amuateoka.org\/rapa\/wp-content\/uploads\/2023\/12\/hora-3.jpg\" alt=\"\" class=\"uag-image-247\" width=\"600\" height=\"450\" title=\"\" loading=\"lazy\"\/><\/figure><\/div>\n<\/div>\n\n\n\n<div class=\"wp-block-uagb-container uagb-block-dc5e891d\">\n<div class=\"wp-block-uagb-info-box uagb-block-dffc5068 uagb-infobox__content-wrap  uagb-infobox-icon-above-title uagb-infobox-image-valign-top\"><div class=\"uagb-ifb-content\"><div class=\"uagb-ifb-title-wrap\"><\/div><p class=\"uagb-ifb-desc\">\ua78cI roto i te 10 matah\ua78cati hope\ua78ca nei \ua78cina he hoa rahi te \ua78cua i Rapa Nui, \ua78ce te \ua78c\ua78cati nei he cambio clim\u00e1tico ko ata nui-nui ko oho \ua78c\u0101 e ko take\ua78ca \ua78c\u0101 e t\u0101tou i te ta\ua78cato\ua78ca n\u014d kona,\ua78cina pa\ua78ci he tano te vai mo pipi i te ha\u2019apu o\u00a0 \ua78cuta \u2018e pe ira \ua78c\u0101 mo te pua\ua78ca \ua78ce mo te hoi.<br><br>Te me\ua78ce mo u\ua78ci mo h\u0101pa\ua78co he me\ua78ce o te natura, i te \u014b\u0101 me\ua78ce era pa\ua78ci e riva ena mo ora o te ta\u014bata o te motu \ua78citi-\ua78citi nei. Te \ua78co\ua78cone ko paka-paka \ua78c\u0101, te vai ko kore ko oho \ua78c\u0101 <s>\u00a0<\/s>ko \u2018ata hau \ua78c\u0101 te p\u016bai o te tokerau, te \u014b\u0101 \ua78c\ua78cati ta\ua78cato\ua78ca nei ko topa \ua78c\u0101\u00a0 i te \ua78c\ua78cati nei he cambio clim\u00e1tico.<\/p><\/div><\/div>\n<\/div>\n<\/div><\/div>\n\n\n\n<div class=\"wp-block-uagb-container uagb-block-2f0fb616 alignfull uagb-is-root-container\"><div class=\"uagb-container-inner-blocks-wrap\">\n<div class=\"wp-block-uagb-container uagb-block-3bee006f\">\n<div class=\"wp-block-uagb-info-box uagb-block-1be83891 uagb-infobox__content-wrap  uagb-infobox-icon-above-title uagb-infobox-image-valign-top\"><div class=\"uagb-ifb-content\"><div class=\"uagb-ifb-title-wrap\"><\/div><p class=\"uagb-ifb-desc\">Te natura \ua78ce te rauhuru manu tere henua o Rapa Nui, pe ira \ua78c\u0101 te pua\ua78ca e te hoi n\u0101 e \ua78c\ua78cati ena i te rava tutu i te ahi.\u00a0 Te mau\u00a0 ta\ua78cato\ua78ca o roto o te vaikava ko \ua78c\ua78cati tako\u2019a \ua78c\u0101 i te me\ua78ce era me\ua78ce to\ua78co no te me\ua78ce o roto.\u00a0 \u2018 e te \u014b\u0101 \ua78c\ua78cati nei ko ata hau \ua78ca hai \ua78cati nei he cambio clim\u00e1tico.<br><br>\ua78cO ira e ta\ua78ce riva-riva ena te kai e oka ena \u2018e\u00a0 e ta\u2019e rava\u2019a rahi ena i te ika e hi ena.<\/p><\/div><\/div>\n<\/div>\n\n\n\n<div class=\"wp-block-uagb-container uagb-block-f17c1b5b\">\n<div class=\"wp-block-uagb-image alignleft uagb-block-6f7deaae wp-block-uagb-image--layout-default wp-block-uagb-image--effect-zoomin wp-block-uagb-image--align-left\"><figure class=\"wp-block-uagb-image__figure\"><img decoding=\"async\" srcset=\"https:\/\/www.amuateoka.org\/rapa\/wp-content\/uploads\/2023\/12\/hora-1-1024x805.jpg ,https:\/\/www.amuateoka.org\/rapa\/wp-content\/uploads\/2023\/12\/hora-1.jpg 780w, https:\/\/www.amuateoka.org\/rapa\/wp-content\/uploads\/2023\/12\/hora-1.jpg 360w\" sizes=\"auto, (max-width: 480px) 150px\" src=\"https:\/\/www.amuateoka.org\/rapa\/wp-content\/uploads\/2023\/12\/hora-1-1024x805.jpg\" alt=\"\" class=\"uag-image-250\" width=\"600\" height=\"450\" title=\"\" loading=\"lazy\"\/><\/figure><\/div>\n<\/div>\n<\/div><\/div>\n\n\n\n<div class=\"wp-block-uagb-container uagb-block-46fce4fd alignfull uagb-is-root-container\"><div class=\"uagb-container-inner-blocks-wrap\">\n<div class=\"wp-block-uagb-container uagb-block-0ff86118\">\n<div class=\"wp-block-uagb-image alignleft uagb-block-2aa3cc09 wp-block-uagb-image--layout-default wp-block-uagb-image--effect-zoomin wp-block-uagb-image--align-left\"><figure class=\"wp-block-uagb-image__figure\"><img decoding=\"async\" srcset=\"https:\/\/www.amuateoka.org\/rapa\/wp-content\/uploads\/2023\/12\/hora-4-1024x880.jpg ,https:\/\/www.amuateoka.org\/rapa\/wp-content\/uploads\/2023\/12\/hora-4.jpg 780w, https:\/\/www.amuateoka.org\/rapa\/wp-content\/uploads\/2023\/12\/hora-4.jpg 360w\" sizes=\"auto, (max-width: 480px) 150px\" src=\"https:\/\/www.amuateoka.org\/rapa\/wp-content\/uploads\/2023\/12\/hora-4-1024x880.jpg\" alt=\"\" class=\"uag-image-248\" width=\"600\" height=\"450\" title=\"\" loading=\"lazy\"\/><\/figure><\/div>\n<\/div>\n\n\n\n<div class=\"wp-block-uagb-container uagb-block-da98a5cb\">\n<div class=\"wp-block-uagb-info-box uagb-block-adefa6fe uagb-infobox__content-wrap  uagb-infobox-icon-above-title uagb-infobox-image-valign-top\"><div class=\"uagb-ifb-content\"><div class=\"uagb-ifb-title-wrap\"><\/div><p class=\"uagb-ifb-desc\">\ua78cO ira i te hora nei \ua78c\u0101 ana makenu ana h\u0101p\u012b p\u0113 h\u0113 ana haka rehe te cambio clim\u00e1tico i Rapa Nui, pa he me\ua78ce i a\u014ba e t\u0113tahi motu o te porinet\u012ba. Mo a\u014ba i nei me\ua78ce e haka t\u012b-tika te t\u0101tou me\ua78ce natura, he \ua78co\ua78cone, he kona vai ma\u014baro, he vaikava e tetehi atu, mo riva mo haka rehe mo oho te \ua78c\ua78cati ta\ua78cato\ua78ca e ma\ua78cu mai ena e te cambio clim\u00e1tico.<\/p><\/div><\/div>\n<\/div>\n<\/div><\/div>\n\n\n\n<div class=\"wp-block-uagb-container uagb-block-eduiuahx alignfull uagb-is-root-container\"><div class=\"uagb-container-inner-blocks-wrap\">\n<div class=\"wp-block-uagb-container uagb-block-ps485cj5\">\n<div class=\"wp-block-uagb-info-box uagb-block-mjfmhvht uagb-infobox__content-wrap  uagb-infobox-icon-above-title uagb-infobox-image-valign-top\"><div class=\"uagb-ifb-content\"><div class=\"uagb-ifb-title-wrap\"><\/div><p class=\"uagb-ifb-desc\">Mai te hora mau nei \ua78c\u0101 \u00a0ana kimi i te rave\ua78ca mo h\u0101\ua78c\u016b\ua78c\u016b mo a\u014bi-a\u014bi he aha te me\ua78ce mo a\u014ba \ua78ci te hora nei \ua78ce pe mu\ua78ca ka oho ena, i te \ua78cati nei he cambio clim\u00e1tico. <br>Te programa nei he h\u0101\ua78c\u016b\ua78c\u016b e tahi mo u\ua78ci ko me\ua78ce h\u0113 te me\ua78ce ra\ua78ce mo a\u014ba, mo riva-riva te t\u0101tou motu nei, \ua78ce mo piri tahi pahe n\u016bna\ua78ca mo a\u014ba i r\u0101 a\u014ba.<\/p><\/div><\/div>\n<\/div>\n\n\n\n<div class=\"wp-block-uagb-container uagb-block-jv5bww5l\">\n<div class=\"wp-block-uagb-image alignleft uagb-block-slsquidz wp-block-uagb-image--layout-default wp-block-uagb-image--effect-zoomin wp-block-uagb-image--align-left\"><figure class=\"wp-block-uagb-image__figure\"><img decoding=\"async\" srcset=\"https:\/\/www.amuateoka.org\/rapa\/wp-content\/uploads\/2023\/12\/hora-5.jpg ,https:\/\/www.amuateoka.org\/rapa\/wp-content\/uploads\/2023\/12\/hora-5.jpg 780w, https:\/\/www.amuateoka.org\/rapa\/wp-content\/uploads\/2023\/12\/hora-5.jpg 360w\" sizes=\"auto, (max-width: 480px) 150px\" src=\"https:\/\/www.amuateoka.org\/rapa\/wp-content\/uploads\/2023\/12\/hora-5.jpg\" alt=\"\" class=\"uag-image-251\" width=\"600\" height=\"450\" title=\"\" loading=\"lazy\"\/><\/figure><\/div>\n<\/div>\n<\/div><\/div>\n\n\n\n<div class=\"wp-block-uagb-container uagb-block-tieutjze alignfull uagb-is-root-container\"><div class=\"uagb-container-inner-blocks-wrap\">\n<div class=\"wp-block-uagb-info-box uagb-block-tncaccml uagb-infobox__content-wrap  uagb-infobox-icon-above-title uagb-infobox-image-valign-top\"><div class=\"uagb-ifb-content\"><div class=\"uagb-ifb-title-wrap\"><\/div><p class=\"uagb-ifb-desc\">Te me\ua78ce e tute ena te programa nei he <strong>\u201cTransferencia Educaci\u00f3n y Reforestaci\u00f3n para el Cambio Clim\u00e1tico en Rapa Nui\u201d<\/strong> Mo<strong> <\/strong>ha\u014ba o te ta\u014bata o te k\u0101i\u014ba mo h\u0101\ua78c\u016b\ua78c\u016b i te a\u014ba. Hai h\u0101p\u012b riva-riva o ru\u014ba i te cambio clim\u00e1tico, hai huri i te mana\ua78cu mo haka t\u012b-tika I te a\u014ba, HAI hai h\u0101p\u012b e haka tano no te ha\ua78capu ana \ua78coka e p\u0113 ira \ua78c\u0101 te ika e h\u012b ena.<br>Hai h\u0101pa\ua78co i te vai, hai haka rehe \ua78citi i te pua\ua78ca, i te hoi, i te paihe\u014ba, pe ira ka h\u0101\ua78c\u016b\ua78c\u016b era mo haka mahani te oho ki te \ua78cati nei he cambio clim\u00e1tico.<\/p><\/div><\/div>\n<\/div><\/div>\n","protected":false},"excerpt":{"rendered":"","protected":false},"author":1,"featured_media":0,"parent":27,"menu_order":0,"comment_status":"closed","ping_status":"closed","template":"","meta":{"_uag_custom_page_level_css":"","site-sidebar-layout":"default","site-content-layout":"","ast-site-content-layout":"","site-content-style":"default","site-sidebar-style":"default","ast-global-header-display":"","ast-banner-title-visibility":"","ast-main-header-display":"","ast-hfb-above-header-display":"","ast-hfb-below-header-display":"","ast-hfb-mobile-header-display":"","site-post-title":"disabled","ast-breadcrumbs-content":"","ast-featured-img":"","footer-sml-layout":"","theme-transparent-header-meta":"","adv-header-id-meta":"","stick-header-meta":"","header-above-stick-meta":"","header-main-stick-meta":"","header-below-stick-meta":"","astra-migrate-meta-layouts":"default","ast-page-background-enabled":"default","ast-page-background-meta":{"desktop":{"background-color":"var(--ast-global-color-4)","background-image":"","background-repeat":"repeat","background-position":"center center","background-size":"auto","background-attachment":"scroll","background-type":"","background-media":"","overlay-type":"","overlay-color":"","overlay-gradient":""},"tablet":{"background-color":"","background-image":"","background-repeat":"repeat","background-position":"center center","background-size":"auto","background-attachment":"scroll","background-type":"","background-media":"","overlay-type":"","overlay-color":"","overlay-gradient":""},"mobile":{"background-color":"","background-image":"","background-repeat":"repeat","background-position":"center center","background-size":"auto","background-attachment":"scroll","background-type":"","background-media":"","overlay-type":"","overlay-color":"","overlay-gradient":""}},"ast-content-background-meta":{"desktop":{"background-color":"var(--ast-global-color-5)","background-image":"","background-repeat":"repeat","background-position":"center center","background-size":"auto","background-attachment":"scroll","background-type":"","background-media":"","overlay-type":"","overlay-color":"","overlay-gradient":""},"tablet":{"background-color":"var(--ast-global-color-5)","background-image":"","background-repeat":"repeat","background-position":"center center","background-size":"auto","background-attachment":"scroll","background-type":"","background-media":"","overlay-type":"","overlay-color":"","overlay-gradient":""},"mobile":{"background-color":"var(--ast-global-color-5)","background-image":"","background-repeat":"repeat","background-position":"center center","background-size":"auto","background-attachment":"scroll","background-type":"","background-media":"","overlay-type":"","overlay-color":"","overlay-gradient":""}},"footnotes":""},"class_list":["post-43","page","type-page","status-publish","hentry"],"uagb_featured_image_src":{"full":false,"thumbnail":false,"medium":false,"medium_large":false,"large":false,"1536x1536":false,"2048x2048":false},"uagb_author_info":{"display_name":"AmuaTeOka","author_link":"https:\/\/www.amuateoka.org\/rapa\/author\/admin_jt0omzfo\/"},"uagb_comment_info":0,"uagb_excerpt":null,"_links":{"self":[{"href":"https:\/\/www.amuateoka.org\/rapa\/wp-json\/wp\/v2\/pages\/43","targetHints":{"allow":["GET"]}}],"collection":[{"href":"https:\/\/www.amuateoka.org\/rapa\/wp-json\/wp\/v2\/pages"}],"about":[{"href":"https:\/\/www.amuateoka.org\/rapa\/wp-json\/wp\/v2\/types\/page"}],"author":[{"embeddable":true,"href":"https:\/\/www.amuateoka.org\/rapa\/wp-json\/wp\/v2\/users\/1"}],"replies":[{"embeddable":true,"href":"https:\/\/www.amuateoka.org\/rapa\/wp-json\/wp\/v2\/comments?post=43"}],"version-history":[{"count":9,"href":"https:\/\/www.amuateoka.org\/rapa\/wp-json\/wp\/v2\/pages\/43\/revisions"}],"predecessor-version":[{"id":676,"href":"https:\/\/www.amuateoka.org\/rapa\/wp-json\/wp\/v2\/pages\/43\/revisions\/676"}],"up":[{"embeddable":true,"href":"https:\/\/www.amuateoka.org\/rapa\/wp-json\/wp\/v2\/pages\/27"}],"wp:attachment":[{"href":"https:\/\/www.amuateoka.org\/rapa\/wp-json\/wp\/v2\/media?parent=43"}],"curies":[{"name":"wp","href":"https:\/\/api.w.org\/{rel}","templated":true}]}}