{"id":40,"date":"2023-12-21T16:25:44","date_gmt":"2023-12-21T16:25:44","guid":{"rendered":"https:\/\/www.amuateoka.org\/rapa\/?page_id=40"},"modified":"2024-02-23T04:09:01","modified_gmt":"2024-02-23T04:09:01","slug":"participa","status":"publish","type":"page","link":"https:\/\/www.amuateoka.org\/rapa\/participa\/","title":{"rendered":"KA HAKA PIRI MAI KOE"},"content":{"rendered":"\n<div class=\"wp-block-uagb-container uagb-block-ghkexdek alignfull uagb-is-root-container\"><div class=\"uagb-container-inner-blocks-wrap\">\n<div class=\"wp-block-uagb-container uagb-block-lxu0k9tn\">\n<div class=\"wp-block-uagb-info-box uagb-block-c0mdlamq uagb-infobox__content-wrap  uagb-infobox-icon-above-title uagb-infobox-image-valign-top\"><div class=\"uagb-ifb-content\"><div class=\"uagb-ifb-title-wrap\"><h1 class=\"uagb-ifb-title\">KA HAKA PIRI MAI KOE MO UMA\u014aA I TE A\u014aA<\/h1><\/div><\/div><\/div>\n<\/div>\n\n\n\n<div class=\"wp-block-uagb-container uagb-block-wjqscad2\">\n<div class=\"wp-block-uagb-info-box uagb-block-s5fof8eo uagb-infobox__content-wrap  uagb-infobox-icon-above-title uagb-infobox-image-valign-top\"><div class=\"uagb-ifb-content\"><div class=\"uagb-ifb-title-wrap\"><\/div><p class=\"uagb-ifb-desc\">He ro\u014bo nei m\u0101\ua78cau mo haka piri mai ki te programa \u00abTRANSFERENCIA EDUCACI\u00d3N Y REFORESTACI\u00d3N PARA EL CAMBIO CLIM\u00c1TICO EN RAPA NUI\u00bb o te p\u016b\ua78coko haka tere o Valpara\u00edso te h\u0101\ua78c\u016b\ua78c\u016b i te a\u014ba nei. Me\ua78ce rahi n\u014d te tumu e \ua78coka atu ena e m\u0101tou mo haka rahi te tumu \ua78ci Rapa Nui.<\/p><\/div><\/div>\n\n\n\n<hr class=\"wp-block-separator has-alpha-channel-opacity\"\/>\n<\/div>\n<\/div><\/div>\n\n\n\n<div class=\"wp-block-uagb-container uagb-block-2d1d3b62 alignfull uagb-is-root-container\"><div class=\"uagb-container-inner-blocks-wrap\">\n<p class=\"has-text-align-center has-ast-global-color-0-color has-text-color has-link-color wp-elements-d0ea1c3e7752c0b93d66bc5c918bb1c9\" style=\"margin-top:0;margin-right:0;margin-bottom:0;margin-left:0;padding-top:0;padding-right:0;padding-bottom:0;padding-left:0;font-size:12px\">Comparte<\/p>\n\n\n\n<div class=\"wp-block-uagb-social-share uagb-social-share__outer-wrap uagb-social-share__layout-horizontal uagb-block-a35ef970\">\n<div class=\"wp-block-uagb-social-share-child uagb-ss-repeater uagb-ss__wrapper uagb-block-62086882\"><span class=\"uagb-ss__link\" data-href=\"https:\/\/api.whatsapp.com\/send?text=\" tabindex=\"0\" role=\"button\" aria-label=\"whatsapp\"><span class=\"uagb-ss__source-wrap\"><span class=\"uagb-ss__source-icon\"><svg xmlns=\"https:\/\/www.w3.org\/2000\/svg\" viewBox=\"0 0 448 512\"><path d=\"M380.9 97.1C339 55.1 283.2 32 223.9 32c-122.4 0-222 99.6-222 222 0 39.1 10.2 77.3 29.6 111L0 480l117.7-30.9c32.4 17.7 68.9 27 106.1 27h.1c122.3 0 224.1-99.6 224.1-222 0-59.3-25.2-115-67.1-157zm-157 341.6c-33.2 0-65.7-8.9-94-25.7l-6.7-4-69.8 18.3L72 359.2l-4.4-7c-18.5-29.4-28.2-63.3-28.2-98.2 0-101.7 82.8-184.5 184.6-184.5 49.3 0 95.6 19.2 130.4 54.1 34.8 34.9 56.2 81.2 56.1 130.5 0 101.8-84.9 184.6-186.6 184.6zm101.2-138.2c-5.5-2.8-32.8-16.2-37.9-18-5.1-1.9-8.8-2.8-12.5 2.8-3.7 5.6-14.3 18-17.6 21.8-3.2 3.7-6.5 4.2-12 1.4-32.6-16.3-54-29.1-75.5-66-5.7-9.8 5.7-9.1 16.3-30.3 1.8-3.7 .9-6.9-.5-9.7-1.4-2.8-12.5-30.1-17.1-41.2-4.5-10.8-9.1-9.3-12.5-9.5-3.2-.2-6.9-.2-10.6-.2-3.7 0-9.7 1.4-14.8 6.9-5.1 5.6-19.4 19-19.4 46.3 0 27.3 19.9 53.7 22.6 57.4 2.8 3.7 39.1 59.7 94.8 83.8 35.2 15.2 49 16.5 66.6 13.9 10.7-1.6 32.8-13.4 37.4-26.4 4.6-13 4.6-24.1 3.2-26.4-1.3-2.5-5-3.9-10.5-6.6z\"><\/path><\/svg><\/span><\/span><\/span><\/div>\n\n\n\n<div class=\"wp-block-uagb-social-share-child uagb-ss-repeater uagb-ss__wrapper uagb-block-8de99042\"><span class=\"uagb-ss__link\" data-href=\"https:\/\/www.facebook.com\/sharer.php?u=\" tabindex=\"0\" role=\"button\" aria-label=\"facebook\"><span class=\"uagb-ss__source-wrap\"><span class=\"uagb-ss__source-icon\"><svg xmlns=\"https:\/\/www.w3.org\/2000\/svg\" viewBox=\"0 0 512 512\"><path d=\"M504 256C504 119 393 8 256 8S8 119 8 256c0 123.8 90.69 226.4 209.3 245V327.7h-63V256h63v-54.64c0-62.15 37-96.48 93.67-96.48 27.14 0 55.52 4.84 55.52 4.84v61h-31.28c-30.8 0-40.41 19.12-40.41 38.73V256h68.78l-11 71.69h-57.78V501C413.3 482.4 504 379.8 504 256z\"><\/path><\/svg><\/span><\/span><\/span><\/div>\n\n\n\n<div class=\"wp-block-uagb-social-share-child uagb-ss-repeater uagb-ss__wrapper uagb-block-289edd8c\"><span class=\"uagb-ss__link\" data-href=\"https:\/\/twitter.com\/share?url=\" tabindex=\"0\" role=\"button\" aria-label=\"twitter\"><span class=\"uagb-ss__source-wrap\"><span class=\"uagb-ss__source-icon\"><svg xmlns=\"https:\/\/www.w3.org\/2000\/svg\" viewBox=\"0 0 448 512\"><path d=\"M400 32H48C21.5 32 0 53.5 0 80v352c0 26.5 21.5 48 48 48h352c26.5 0 48-21.5 48-48V80c0-26.5-21.5-48-48-48zm-48.9 158.8c.2 2.8 .2 5.7 .2 8.5 0 86.7-66 186.6-186.6 186.6-37.2 0-71.7-10.8-100.7-29.4 5.3 .6 10.4 .8 15.8 .8 30.7 0 58.9-10.4 81.4-28-28.8-.6-53-19.5-61.3-45.5 10.1 1.5 19.2 1.5 29.6-1.2-30-6.1-52.5-32.5-52.5-64.4v-.8c8.7 4.9 18.9 7.9 29.6 8.3a65.45 65.45 0 0 1 -29.2-54.6c0-12.2 3.2-23.4 8.9-33.1 32.3 39.8 80.8 65.8 135.2 68.6-9.3-44.5 24-80.6 64-80.6 18.9 0 35.9 7.9 47.9 20.7 14.8-2.8 29-8.3 41.6-15.8-4.9 15.2-15.2 28-28.8 36.1 13.2-1.4 26-5.1 37.8-10.2-8.9 13.1-20.1 24.7-32.9 34z\"><\/path><\/svg><\/span><\/span><\/span><\/div>\n\n\n\n<div class=\"wp-block-uagb-social-share-child uagb-ss-repeater uagb-ss__wrapper uagb-block-67e130fa\"><span class=\"uagb-ss__link\" data-href=\"mailto:?body=\" tabindex=\"0\" role=\"button\" aria-label=\"email\"><span class=\"uagb-ss__source-wrap\"><span class=\"uagb-ss__source-icon\"><svg xmlns=\"https:\/\/www.w3.org\/2000\/svg\" viewBox=\"0 0 512 512\"><path d=\"M464 64C490.5 64 512 85.49 512 112C512 127.1 504.9 141.3 492.8 150.4L275.2 313.6C263.8 322.1 248.2 322.1 236.8 313.6L19.2 150.4C7.113 141.3 0 127.1 0 112C0 85.49 21.49 64 48 64H464zM217.6 339.2C240.4 356.3 271.6 356.3 294.4 339.2L512 176V384C512 419.3 483.3 448 448 448H64C28.65 448 0 419.3 0 384V176L217.6 339.2z\"><\/path><\/svg><\/span><\/span><\/span><\/div>\n<\/div>\n\n\n\n<div style=\"height:20px\" aria-hidden=\"true\" class=\"wp-block-spacer\"><\/div>\n<\/div><\/div>\n\n\n\n<div class=\"wp-block-uagb-container uagb-block-49ef47f9 alignfull uagb-is-root-container\"><div class=\"uagb-container-inner-blocks-wrap\">\n<div class=\"wp-block-uagb-container uagb-block-23e93b8c\">\n<div class=\"wp-block-uagb-info-box uagb-block-9e6a3e02 uagb-infobox__content-wrap  uagb-infobox-icon-above-title uagb-infobox-image-valign-top\"><div class=\"uagb-ifb-content\"><div class=\"uagb-ifb-title-wrap\"><\/div><p class=\"uagb-ifb-desc\">Te a\u014ba nui-nui nei e a\u014ba ena e m\u0101tou a rote uma\u014ba mo haka a\u014bi-a\u014bi ki te ta\u014bata o te k\u0101i\u014ba&nbsp; he me\ua78ce riva-riva mau \ua78c\u0101 mo te ta\ua78cato\ua78ca he \ua78coka he haka rahi i te tumu mo haka rehe \ua78citi i te \ua78cati o te cambio clim\u00e1tico, e haka rake-rake mai ena i te henua ta\ua78cato\ua78ca \ua78ce i te motu \ua78citi-\ua78citi nei.<br><br>\ua78cI ru\u014ba i te t\u0101tou rima te a\u014ba nei he h\u0101pa\ua78co i te t\u0101tou kona noho, mo riva-riva te t\u0101tou ora i\u014ba, \ua78ce \u00bfp\u0113 h\u0113 ka rava\ua78ca ena? Hai rave\ua78ca ena he piri tahi t\u0101tou mo h\u0101\ua78c\u016b\ua78c\u016b i te a\u014ba he \ua78coka i te tumu.<br>Mo piri tahi o t\u0101tou mo uma\u014ba i te a\u014ba nei he \ua78coka tahi a Rapa Nui hai tumu, he rave\u2019a riva-riva mo h\u0101pa\ua78co i te natura o te t\u0101tou kona noho \ua78ce he me\ua78ce riva-riva tako\u2019a mo te ta\u014bata o te k\u0101i\u014ba nei.<br><br>He tumu he rave\ua78ca hope\ua78ca o te riva-riva mo haka rehe \ua78citi i te \ua78cati nei he cambio clim\u00e1tico \ua78ci Rapa Nui, \ua78co te ai mo rahi o te&nbsp; tumu me\ua78ce rahi n\u014d te manu ora ka \ua78cai ena \ua78ce pe ira \ua78c\u0101 &nbsp;hai tumu n\u014d e riva ena mo h\u0101pa\ua78co i te \ua78co\ua78cone&nbsp; \ua78ce i te vai e topa era \ua78ci raro i te \ua78co\ua78cone.<br><br>Mo ha\u014ba koe mo h\u0101\ua78c\u016b\ua78c\u016b i te a\u014ba he \ua78coka tumu, te me\ua78ce n\u014d a au mo ai he ha\u014ba mo a\u014ba. E ai r\u014d \ua78cana te ta\u014bata h\u0101\ua78c\u016b\ua78c\u016b i te a\u014ba nei mo r\u0101ua e h\u0101p\u012b atu.<br>&nbsp;<br>Mo ha\u014ba koe mo h\u0101\ua78c\u016b\ua78c\u016b i te a\u014ba he \ua78coka tumu, te me\ua78ce n\u014d ka no-no\ua78ci atu era he ha\u014ba mo a\u014ba i te a\u014ba nei. e ai r\u014d \ua78cana te m\u0101tou ta\u014bata mo h\u0101p\u012b atu \ua78ce mo h\u0101\ua78c\u016b\ua78c\u016b atu i te a\u014ba nei.<br><\/p><\/div><\/div>\n<\/div>\n\n\n\n<div class=\"wp-block-uagb-container uagb-block-aebf72b1\">\n<div class=\"wp-block-uagb-image aligncenter uagb-block-1f841f4e wp-block-uagb-image--layout-default wp-block-uagb-image--effect-zoomin wp-block-uagb-image--align-center\"><figure class=\"wp-block-uagb-image__figure\"><img decoding=\"async\" srcset=\"https:\/\/www.amuateoka.org\/rapa\/wp-content\/uploads\/2023\/12\/a-participa.jpg ,https:\/\/www.amuateoka.org\/rapa\/wp-content\/uploads\/2023\/12\/a-participa.jpg 780w, https:\/\/www.amuateoka.org\/rapa\/wp-content\/uploads\/2023\/12\/a-participa.jpg 360w\" sizes=\"auto, (max-width: 480px) 150px\" src=\"https:\/\/www.amuateoka.org\/rapa\/wp-content\/uploads\/2023\/12\/a-participa.jpg\" alt=\"\" class=\"uag-image-254\" width=\"600\" height=\"800\" title=\"\" loading=\"lazy\"\/><\/figure><\/div>\n<\/div>\n<\/div><\/div>\n\n\n\n<div style=\"height:41px\" aria-hidden=\"true\" class=\"wp-block-spacer\"><\/div>\n\n\n\n<div class=\"wp-block-uagb-container uagb-block-81af3321 alignfull uagb-is-root-container\"><div class=\"uagb-container-inner-blocks-wrap\">\n<div class=\"wp-block-uagb-container uagb-block-b26331b1\">\n<div class=\"wp-block-uagb-info-box uagb-block-87fbb83a uagb-infobox__content-wrap  uagb-infobox-icon-above-title uagb-infobox-image-valign-top\"><div class=\"uagb-ifb-content\"><div class=\"uagb-ifb-title-wrap\"><h3 class=\"uagb-ifb-title\">\u00bfHe aha koe ana h\u0101\ua78c\u016b\ua78c\u016b i te a\u014ba he \ua78coka i te tumu?<\/h3><\/div><p class=\"uagb-ifb-desc\"><strong>1. He h\u0101p\u012b atu i te a\u014ba: <\/strong>he a\u014bi-a\u014bi koe i te hauha\ua78ca riva e rava\ua78ca ena mo \ua78coka i te tumu mo haka \ua78cuhu i te \ua78cati o te cambio clim\u00e1tico. Mo te ta\u014bata a\u014ba o te a\u014ba nei o roto i te nuna\u2019a<strong> \u201cA mu\ua78ca te \ua78cOka\u201d<\/strong> he h\u0101p\u012b atu i te \ua78coka ha\u014ba o te tumu mo tupu \ua78ce mo nui-nui riva-riva o te tumu.<br><br><strong>2. He riva-riva te kona noho o t\u0101tou: <\/strong>te tumu e \ua78coka ena he rave\ua78ca riva-riva e tahi mo haka rehe \ua78citi i te \ua78cati nei o\u00a0te cambio clim\u00e1tico, i te me\ua78ce era he h\u0101pao i te t\u0101tou henua.<br><br><strong>3. He \ua78cai ko koe \ua78ce he natura:<\/strong> ka oho era koe ki kamp\u014d he \u014baro\ua78ca te ha-hau o te tokerau, \ua78ce he koa tako\ua78ca ta\ua78ca me\ua78ce ka \u014baro\ua78ca ena.<br><br><strong>4. He uma\u014ba a t\u0101tou te ta\u014bata o te k\u0101i\u014ba: <\/strong>Mo piri mo a\u014ba t\u0101tou ta\ua78cato\ua78ca he hio-hio \ua78ci roto i a t\u0101tou te ha\u014ba mo h\u0101pa\ua78co i te t\u0101tou k\u0101i\u014ba \ua78citi-\ua78citi nei.<br><br><br><\/p><\/div><\/div>\n<\/div>\n\n\n\n<div class=\"wp-block-uagb-container uagb-block-02c5b425\">\n<div class=\"wp-block-uagb-image aligncenter uagb-block-b42b0384 wp-block-uagb-image--layout-default wp-block-uagb-image--effect-zoomin wp-block-uagb-image--align-center\"><figure class=\"wp-block-uagb-image__figure\"><img decoding=\"async\" srcset=\"https:\/\/www.amuateoka.org\/rapa\/wp-content\/uploads\/2023\/12\/b-participa.jpg ,https:\/\/www.amuateoka.org\/rapa\/wp-content\/uploads\/2023\/12\/b-participa.jpg 780w, https:\/\/www.amuateoka.org\/rapa\/wp-content\/uploads\/2023\/12\/b-participa.jpg 360w\" sizes=\"auto, (max-width: 480px) 150px\" src=\"https:\/\/www.amuateoka.org\/rapa\/wp-content\/uploads\/2023\/12\/b-participa.jpg\" alt=\"\" class=\"uag-image-255\" width=\"600\" height=\"450\" title=\"\" loading=\"lazy\"\/><\/figure><\/div>\n<\/div>\n<\/div><\/div>\n\n\n\n<div style=\"height:41px\" aria-hidden=\"true\" class=\"wp-block-spacer\"><\/div>\n\n\n\n<div class=\"wp-block-uagb-inline-notice uagb-inline_notice__align-left uagb-block-1b3a8ae1\"><button class=\"uagb-notice-close-button\" type=\"button\" aria-label=\"Close\"><\/button><h4 class=\"uagb-notice-title\">He ha\ua78camata haka \ua78cou <strong>h<\/strong>e \ua78coka i te tumu i te matahiti 2024<\/h4><div class=\"uagb-notice-text\">A roto i te vaha nei ka haka \ua78cite atu ena te mahana ka ha\ua78camata haka \ua78cou ena te \ua78coka i te tumu \ua78ce a roto i te redes sociales tako\ua78ca. Te a\u014ba nei he \ua78coka tumu e riva n\u014d mo a\u014ba e te ta\ua78cato\ua78ca, mai te pa\ua78cari ki te \u014b\u0101 poki. \u2018E e riva tako\ua78ca n\u014d mo ma\ua78cu koe i ta\ua78ca turita mo h\u0101\ua78c\u016b\ua78c\u016b mai i te a\u014ba nehe-nehe nei.<\/div><\/div>\n","protected":false},"excerpt":{"rendered":"","protected":false},"author":1,"featured_media":0,"parent":0,"menu_order":0,"comment_status":"closed","ping_status":"closed","template":"","meta":{"_uag_custom_page_level_css":"","site-sidebar-layout":"default","site-content-layout":"","ast-site-content-layout":"","site-content-style":"default","site-sidebar-style":"default","ast-global-header-display":"","ast-banner-title-visibility":"","ast-main-header-display":"","ast-hfb-above-header-display":"","ast-hfb-below-header-display":"","ast-hfb-mobile-header-display":"","site-post-title":"disabled","ast-breadcrumbs-content":"","ast-featured-img":"","footer-sml-layout":"","theme-transparent-header-meta":"","adv-header-id-meta":"","stick-header-meta":"","header-above-stick-meta":"","header-main-stick-meta":"","header-below-stick-meta":"","astra-migrate-meta-layouts":"default","ast-page-background-enabled":"default","ast-page-background-meta":{"desktop":{"background-color":"var(--ast-global-color-4)","background-image":"","background-repeat":"repeat","background-position":"center center","background-size":"auto","background-attachment":"scroll","background-type":"","background-media":"","overlay-type":"","overlay-color":"","overlay-gradient":""},"tablet":{"background-color":"","background-image":"","background-repeat":"repeat","background-position":"center center","background-size":"auto","background-attachment":"scroll","background-type":"","background-media":"","overlay-type":"","overlay-color":"","overlay-gradient":""},"mobile":{"background-color":"","background-image":"","background-repeat":"repeat","background-position":"center center","background-size":"auto","background-attachment":"scroll","background-type":"","background-media":"","overlay-type":"","overlay-color":"","overlay-gradient":""}},"ast-content-background-meta":{"desktop":{"background-color":"var(--ast-global-color-5)","background-image":"","background-repeat":"repeat","background-position":"center center","background-size":"auto","background-attachment":"scroll","background-type":"","background-media":"","overlay-type":"","overlay-color":"","overlay-gradient":""},"tablet":{"background-color":"var(--ast-global-color-5)","background-image":"","background-repeat":"repeat","background-position":"center center","background-size":"auto","background-attachment":"scroll","background-type":"","background-media":"","overlay-type":"","overlay-color":"","overlay-gradient":""},"mobile":{"background-color":"var(--ast-global-color-5)","background-image":"","background-repeat":"repeat","background-position":"center center","background-size":"auto","background-attachment":"scroll","background-type":"","background-media":"","overlay-type":"","overlay-color":"","overlay-gradient":""}},"footnotes":""},"class_list":["post-40","page","type-page","status-publish","hentry"],"uagb_featured_image_src":{"full":false,"thumbnail":false,"medium":false,"medium_large":false,"large":false,"1536x1536":false,"2048x2048":false},"uagb_author_info":{"display_name":"AmuaTeOka","author_link":"https:\/\/www.amuateoka.org\/rapa\/author\/admin_jt0omzfo\/"},"uagb_comment_info":0,"uagb_excerpt":null,"_links":{"self":[{"href":"https:\/\/www.amuateoka.org\/rapa\/wp-json\/wp\/v2\/pages\/40","targetHints":{"allow":["GET"]}}],"collection":[{"href":"https:\/\/www.amuateoka.org\/rapa\/wp-json\/wp\/v2\/pages"}],"about":[{"href":"https:\/\/www.amuateoka.org\/rapa\/wp-json\/wp\/v2\/types\/page"}],"author":[{"embeddable":true,"href":"https:\/\/www.amuateoka.org\/rapa\/wp-json\/wp\/v2\/users\/1"}],"replies":[{"embeddable":true,"href":"https:\/\/www.amuateoka.org\/rapa\/wp-json\/wp\/v2\/comments?post=40"}],"version-history":[{"count":14,"href":"https:\/\/www.amuateoka.org\/rapa\/wp-json\/wp\/v2\/pages\/40\/revisions"}],"predecessor-version":[{"id":686,"href":"https:\/\/www.amuateoka.org\/rapa\/wp-json\/wp\/v2\/pages\/40\/revisions\/686"}],"wp:attachment":[{"href":"https:\/\/www.amuateoka.org\/rapa\/wp-json\/wp\/v2\/media?parent=40"}],"curies":[{"name":"wp","href":"https:\/\/api.w.org\/{rel}","templated":true}]}}