{"id":21,"date":"2023-12-21T01:05:54","date_gmt":"2023-12-21T01:05:54","guid":{"rendered":"https:\/\/www.amuateoka.org\/rapa\/?page_id=21"},"modified":"2024-02-23T16:25:34","modified_gmt":"2024-02-23T16:25:34","slug":"educacion-difusion","status":"publish","type":"page","link":"https:\/\/www.amuateoka.org\/rapa\/educacion-difusion\/","title":{"rendered":"HE H\u0100P\u012a"},"content":{"rendered":"\n<div class=\"wp-block-uagb-container uagb-block-ghkexdek alignfull uagb-is-root-container\"><div class=\"uagb-container-inner-blocks-wrap\">\n<div class=\"wp-block-uagb-container uagb-block-lxu0k9tn\">\n<div class=\"wp-block-uagb-info-box uagb-block-c0mdlamq uagb-infobox__content-wrap  uagb-infobox-icon-above-title uagb-infobox-image-valign-top\"><div class=\"uagb-ifb-content\"><div class=\"uagb-ifb-title-wrap\"><h1 class=\"uagb-ifb-title\">He h\u0101p\u012b: he rave\ua78ca nui-nui mo haka makenu I te a\u014ba \ua78ci Rapa Nui<\/h1><\/div><\/div><\/div>\n<\/div>\n\n\n\n<div class=\"wp-block-uagb-container uagb-block-wjqscad2\">\n<div class=\"wp-block-uagb-info-box uagb-block-s5fof8eo uagb-infobox__content-wrap  uagb-infobox-icon-above-title uagb-infobox-image-valign-top\"><div class=\"uagb-ifb-content\"><div class=\"uagb-ifb-title-wrap\"><\/div><p class=\"uagb-ifb-desc\">Te \ua78cata a\u014bi-a\u014bi te oho te ta\u014bata o te k\u0101i\u014ba o ru\u014ba i te cambio clim\u00e1tico, mo \ua78cite he aha te me\ua78ce mo a\u014ba mo haka rehe \ua78citi i te \ua78cati nei, he me\ua78ce nui-nui mau \ua78c\u0101. Te ta\u014bata e tatake ena i te tecnolog\u00eda te rave\ua78ca mo haka kore i te \ua78cati nui-nui nei, \ua78ce te parauti\ua78ca, mo t\u0101tou te ta\u014bata e piri, e uma\u014ba i te a\u014ba nei \ua78ce te a\u014ba nei, a\u014ba nui-nui mo a\u014ba.<br><\/p><\/div><\/div>\n\n\n\n<hr class=\"wp-block-separator has-alpha-channel-opacity\"\/>\n<\/div>\n<\/div><\/div>\n\n\n\n<div class=\"wp-block-uagb-container uagb-block-2d1d3b62 alignfull uagb-is-root-container\"><div class=\"uagb-container-inner-blocks-wrap\">\n<p class=\"has-text-align-center has-ast-global-color-0-color has-text-color has-link-color wp-elements-d0ea1c3e7752c0b93d66bc5c918bb1c9\" style=\"margin-top:0;margin-right:0;margin-bottom:0;margin-left:0;padding-top:0;padding-right:0;padding-bottom:0;padding-left:0;font-size:12px\">Comparte<\/p>\n\n\n\n<div class=\"wp-block-uagb-social-share uagb-social-share__outer-wrap uagb-social-share__layout-horizontal uagb-block-a35ef970\">\n<div class=\"wp-block-uagb-social-share-child uagb-ss-repeater uagb-ss__wrapper uagb-block-62086882\"><span class=\"uagb-ss__link\" data-href=\"https:\/\/api.whatsapp.com\/send?text=\" tabindex=\"0\" role=\"button\" aria-label=\"whatsapp\"><span class=\"uagb-ss__source-wrap\"><span class=\"uagb-ss__source-icon\"><svg xmlns=\"https:\/\/www.w3.org\/2000\/svg\" viewBox=\"0 0 448 512\"><path d=\"M380.9 97.1C339 55.1 283.2 32 223.9 32c-122.4 0-222 99.6-222 222 0 39.1 10.2 77.3 29.6 111L0 480l117.7-30.9c32.4 17.7 68.9 27 106.1 27h.1c122.3 0 224.1-99.6 224.1-222 0-59.3-25.2-115-67.1-157zm-157 341.6c-33.2 0-65.7-8.9-94-25.7l-6.7-4-69.8 18.3L72 359.2l-4.4-7c-18.5-29.4-28.2-63.3-28.2-98.2 0-101.7 82.8-184.5 184.6-184.5 49.3 0 95.6 19.2 130.4 54.1 34.8 34.9 56.2 81.2 56.1 130.5 0 101.8-84.9 184.6-186.6 184.6zm101.2-138.2c-5.5-2.8-32.8-16.2-37.9-18-5.1-1.9-8.8-2.8-12.5 2.8-3.7 5.6-14.3 18-17.6 21.8-3.2 3.7-6.5 4.2-12 1.4-32.6-16.3-54-29.1-75.5-66-5.7-9.8 5.7-9.1 16.3-30.3 1.8-3.7 .9-6.9-.5-9.7-1.4-2.8-12.5-30.1-17.1-41.2-4.5-10.8-9.1-9.3-12.5-9.5-3.2-.2-6.9-.2-10.6-.2-3.7 0-9.7 1.4-14.8 6.9-5.1 5.6-19.4 19-19.4 46.3 0 27.3 19.9 53.7 22.6 57.4 2.8 3.7 39.1 59.7 94.8 83.8 35.2 15.2 49 16.5 66.6 13.9 10.7-1.6 32.8-13.4 37.4-26.4 4.6-13 4.6-24.1 3.2-26.4-1.3-2.5-5-3.9-10.5-6.6z\"><\/path><\/svg><\/span><\/span><\/span><\/div>\n\n\n\n<div class=\"wp-block-uagb-social-share-child uagb-ss-repeater uagb-ss__wrapper uagb-block-8de99042\"><span class=\"uagb-ss__link\" data-href=\"https:\/\/www.facebook.com\/sharer.php?u=\" tabindex=\"0\" role=\"button\" aria-label=\"facebook\"><span class=\"uagb-ss__source-wrap\"><span class=\"uagb-ss__source-icon\"><svg xmlns=\"https:\/\/www.w3.org\/2000\/svg\" viewBox=\"0 0 512 512\"><path d=\"M504 256C504 119 393 8 256 8S8 119 8 256c0 123.8 90.69 226.4 209.3 245V327.7h-63V256h63v-54.64c0-62.15 37-96.48 93.67-96.48 27.14 0 55.52 4.84 55.52 4.84v61h-31.28c-30.8 0-40.41 19.12-40.41 38.73V256h68.78l-11 71.69h-57.78V501C413.3 482.4 504 379.8 504 256z\"><\/path><\/svg><\/span><\/span><\/span><\/div>\n\n\n\n<div class=\"wp-block-uagb-social-share-child uagb-ss-repeater uagb-ss__wrapper uagb-block-289edd8c\"><span class=\"uagb-ss__link\" data-href=\"https:\/\/twitter.com\/share?url=\" tabindex=\"0\" role=\"button\" aria-label=\"twitter\"><span class=\"uagb-ss__source-wrap\"><span class=\"uagb-ss__source-icon\"><svg xmlns=\"https:\/\/www.w3.org\/2000\/svg\" viewBox=\"0 0 448 512\"><path d=\"M400 32H48C21.5 32 0 53.5 0 80v352c0 26.5 21.5 48 48 48h352c26.5 0 48-21.5 48-48V80c0-26.5-21.5-48-48-48zm-48.9 158.8c.2 2.8 .2 5.7 .2 8.5 0 86.7-66 186.6-186.6 186.6-37.2 0-71.7-10.8-100.7-29.4 5.3 .6 10.4 .8 15.8 .8 30.7 0 58.9-10.4 81.4-28-28.8-.6-53-19.5-61.3-45.5 10.1 1.5 19.2 1.5 29.6-1.2-30-6.1-52.5-32.5-52.5-64.4v-.8c8.7 4.9 18.9 7.9 29.6 8.3a65.45 65.45 0 0 1 -29.2-54.6c0-12.2 3.2-23.4 8.9-33.1 32.3 39.8 80.8 65.8 135.2 68.6-9.3-44.5 24-80.6 64-80.6 18.9 0 35.9 7.9 47.9 20.7 14.8-2.8 29-8.3 41.6-15.8-4.9 15.2-15.2 28-28.8 36.1 13.2-1.4 26-5.1 37.8-10.2-8.9 13.1-20.1 24.7-32.9 34z\"><\/path><\/svg><\/span><\/span><\/span><\/div>\n\n\n\n<div class=\"wp-block-uagb-social-share-child uagb-ss-repeater uagb-ss__wrapper uagb-block-67e130fa\"><span class=\"uagb-ss__link\" data-href=\"mailto:?body=\" tabindex=\"0\" role=\"button\" aria-label=\"email\"><span class=\"uagb-ss__source-wrap\"><span class=\"uagb-ss__source-icon\"><svg xmlns=\"https:\/\/www.w3.org\/2000\/svg\" viewBox=\"0 0 512 512\"><path d=\"M464 64C490.5 64 512 85.49 512 112C512 127.1 504.9 141.3 492.8 150.4L275.2 313.6C263.8 322.1 248.2 322.1 236.8 313.6L19.2 150.4C7.113 141.3 0 127.1 0 112C0 85.49 21.49 64 48 64H464zM217.6 339.2C240.4 356.3 271.6 356.3 294.4 339.2L512 176V384C512 419.3 483.3 448 448 448H64C28.65 448 0 419.3 0 384V176L217.6 339.2z\"><\/path><\/svg><\/span><\/span><\/span><\/div>\n<\/div>\n\n\n\n<div style=\"height:20px\" aria-hidden=\"true\" class=\"wp-block-spacer\"><\/div>\n<\/div><\/div>\n\n\n\n<div class=\"wp-block-uagb-container uagb-block-49ef47f9 alignfull uagb-is-root-container\"><div class=\"uagb-container-inner-blocks-wrap\">\n<div class=\"wp-block-uagb-container uagb-block-23e93b8c\">\n<div class=\"wp-block-uagb-info-box uagb-block-9e6a3e02 uagb-infobox__content-wrap  uagb-infobox-icon-above-title uagb-infobox-image-valign-top\"><div class=\"uagb-ifb-content\"><div class=\"uagb-ifb-title-wrap\"><h3 class=\"uagb-ifb-title\">Hai h\u0101p\u012b ki te ta\u014bata ka riva-riva ena te a\u014ba<\/h3><\/div><p class=\"uagb-ifb-desc\">A te vaha ena he h\u0101p\u012b ki te ta\u014bata o te k\u0101i\u014ba ka riva ena ananake mo \ua78cite mo haka \ua78cuhu \ua78ce pe ira ka \ua78cite ena he aha te me\ua78ce mo a\u014ba mo topa o te \ua78cati \ua78ci Rapa Nui, i te \ua78cati nei he cambio clim\u00e1tico. <br><br>Mo a\u014bi-a\u014bi riva-riva ko \ua78cati h\u0113 te \ua78cati e hetu ena ki Rapa Nui hai \ua78cati nei he cambio clim\u00e1tico, he aha te me\ua78ce mo a\u014ba mo h\u0101pa\ua78co i te motu nei \ua78ce mo v\u0113-veri mo a\u014ba i te a\u014ba nei. <br><br>Hai h\u0101p\u012b n\u014d ki te ta\u014bata ka a\u014bi-a\u014bi ena \ua78c\u012b te hora mo makenu mo h\u0101\ua78c\u016b\ua78c\u016b. Ko te \u014b\u0101 me\ua78ce nei te tumu o te programa \u00abTransferencia Educaci\u00f3n y Reforestaci\u00f3n para el Cambio Clim\u00e1tico en Rapa Nui\u00bb.<\/p><\/div><\/div>\n<\/div>\n\n\n\n<div class=\"wp-block-uagb-container uagb-block-aebf72b1\">\n<div class=\"wp-block-uagb-image aligncenter uagb-block-1f841f4e wp-block-uagb-image--layout-default wp-block-uagb-image--effect-static wp-block-uagb-image--align-center animated backInUp delay-100ms slower o-anim-offset-o-anim-offset-0px\"><figure class=\"wp-block-uagb-image__figure\"><img decoding=\"async\" srcset=\"https:\/\/www.amuateoka.org\/rapa\/wp-content\/uploads\/2023\/12\/b-edu.webp ,https:\/\/www.amuateoka.org\/rapa\/wp-content\/uploads\/2023\/12\/b-edu.webp 780w, https:\/\/www.amuateoka.org\/rapa\/wp-content\/uploads\/2023\/12\/b-edu.webp 360w\" sizes=\"auto, (max-width: 480px) 150px\" src=\"https:\/\/www.amuateoka.org\/rapa\/wp-content\/uploads\/2023\/12\/b-edu.webp\" alt=\"\" class=\"uag-image-274\" width=\"350\" height=\"400\" title=\"\" loading=\"lazy\"\/><figcaption class=\"uagb-image-caption\">Plantar es en s\u00ed mismo es una actividad educativa, pero no solo para j\u00f3venes sino  especialmente para adultos.<\/figcaption><\/figure><\/div>\n<\/div>\n<\/div><\/div>\n\n\n\n<div style=\"height:41px\" aria-hidden=\"true\" class=\"wp-block-spacer\"><\/div>\n\n\n\n<div class=\"wp-block-uagb-container uagb-block-hplqqsbz alignfull uagb-is-root-container\"><div class=\"uagb-container-inner-blocks-wrap\">\n<div class=\"wp-block-uagb-image aligncenter uagb-block-id1atc8v wp-block-uagb-image--layout-default wp-block-uagb-image--effect-static wp-block-uagb-image--align-center\"><figure class=\"wp-block-uagb-image__figure\"><img decoding=\"async\" srcset=\"https:\/\/www.amuateoka.org\/rapa\/wp-content\/uploads\/2023\/12\/a-edu-1024x350.webp ,https:\/\/www.amuateoka.org\/rapa\/wp-content\/uploads\/2023\/12\/a-edu.webp 780w, https:\/\/www.amuateoka.org\/rapa\/wp-content\/uploads\/2023\/12\/a-edu.webp 360w\" sizes=\"auto, (max-width: 480px) 150px\" src=\"https:\/\/www.amuateoka.org\/rapa\/wp-content\/uploads\/2023\/12\/a-edu-1024x350.webp\" alt=\"\" class=\"uag-image-271\" width=\"1024\" height=\"683\" title=\"\" loading=\"lazy\"\/><figcaption class=\"uagb-image-caption\">Te ta\u014bata e oho mai ena e h\u0101\ua78c\u016b\ua78c\u016b ena i te a\u014ba he \ua78coka i te tumu he rave\ua78ca nui-nui e tahi mo h\u0101p\u012b ki t\u0113tahi<\/figcaption><\/figure><\/div>\n\n\n\n<div class=\"wp-block-uagb-container uagb-block-fi1ejhqp\">\n<div class=\"wp-block-uagb-container uagb-block-eaajimf3\">\n<div class=\"wp-block-uagb-info-box uagb-block-ei6nontu uagb-infobox__content-wrap  uagb-infobox-icon-above-title uagb-infobox-image-valign-top\"><div class=\"uagb-ifb-content\"><div class=\"uagb-ifb-title-wrap\"><h3 class=\"uagb-ifb-title\">He a\u014bi-ani riva-riva \ua78ce he uma\u014ba i te a\u014ba<\/h3><\/div><\/div><\/div>\n<\/div>\n\n\n\n<div class=\"wp-block-uagb-container uagb-block-nr7gg1wx\">\n<div class=\"wp-block-uagb-info-box uagb-block-klxbkuyi uagb-infobox__content-wrap  uagb-infobox-icon-above-title uagb-infobox-image-valign-top\"><div class=\"uagb-ifb-content\"><div class=\"uagb-ifb-title-wrap\"><\/div><p class=\"uagb-ifb-desc\">Te ta\u014bata oho era ki te piri nui-nui \u201cLa Convenci\u00f3n Marco de las Naciones Unidas\u201d i k\u012b r\u014d te me\ua78ce ra\ua78ce \ua78ce nui-nui mo a\u014ba he h\u0101p\u012b ki te ta\u014bata. E h\u0101p\u012b o ru\u014ba i te cambio clim\u00e1tico ki te \u014b\u0101 poki i te hare h\u0101p\u012b mo \ua78cite he aha te r\u0101ua me\ua78ce mo a\u014ba. <br><br>Te h\u0101p\u012b ki te rua ta\ua78ce n\u014d mo haka a\u014bi-a\u014bi o ru\u014ba i te me\ua78ce e tahi, p\u0113 ira \ua78c\u0101 he riva mo h\u0101\ua78c\u016b\ua78c\u016b ki a r\u0101ua mo \ua78cite riva-riva he aha te r\u0101ua me\ua78ce mo a\u014ba\u00a0 mo ta\ua78ce ri\ua78ca-ri\ua78ca ki te \ua78cati nei he cambio clim\u00e1tico.<\/p><\/div><\/div>\n<\/div>\n<\/div>\n<\/div><\/div>\n\n\n\n<div style=\"height:41px\" aria-hidden=\"true\" class=\"wp-block-spacer\"><\/div>\n\n\n\n<div class=\"wp-block-uagb-container uagb-block-130ae207 alignfull uagb-is-root-container\"><div class=\"uagb-container__shape uagb-container__shape-top\"><svg xmlns=\"https:\/\/www.w3.org\/2000\/svg\" viewBox=\"0 0 2600 131.1\" preserveAspectRatio=\"none\"><path class=\"uagb-container__shape-fill\" d=\"M0 0L2600 0 2600 69.1 0 0z\"><\/path><path class=\"uagb-container__shape-fill\" opacity=\"0.5\" d=\"M0 0L2600 0 2600 69.1 0 69.1z\"><\/path><path class=\"uagb-container__shape-fill\" opacity=\"0.25\" d=\"M2600 0L0 0 0 130.1 2600 69.1z\"><\/path><\/svg><\/div><div class=\"uagb-container__shape uagb-container__shape-bottom uagb-container__invert\" data-negative=\"false\"><svg xmlns=\"https:\/\/www.w3.org\/2000\/svg\" viewBox=\"0 0 2600 131.1\" preserveAspectRatio=\"none\"><path class=\"uagb-container__shape-fill\" d=\"M0 0L2600 0 2600 69.1 0 0z\"><\/path><path class=\"uagb-container__shape-fill\" opacity=\"0.5\" d=\"M0 0L2600 0 2600 69.1 0 69.1z\"><\/path><path class=\"uagb-container__shape-fill\" opacity=\"0.25\" d=\"M2600 0L0 0 0 130.1 2600 69.1z\"><\/path><\/svg><\/div>\n<div class=\"wp-block-uagb-container uagb-block-1889e110 alignfull uagb-is-root-container\"><div class=\"uagb-container-inner-blocks-wrap\">\n<div class=\"wp-block-uagb-container uagb-block-887bfc84\">\n<div class=\"wp-block-uagb-info-box uagb-block-1126c454 uagb-infobox__content-wrap  uagb-infobox-icon-above-title uagb-infobox-image-valign-top\"><div class=\"uagb-ifb-content\"><div class=\"uagb-ifb-title-wrap\"><span class=\"uagb-ifb-title-prefix\">Te me\ua78ce ha\u014ba mo rava\ua78ca mai, mo uma\u014ba tahi te mahi\u014bo o te k\u0101i\u014ba<\/span><\/div><\/div><\/div>\n<\/div>\n<\/div><\/div>\n<\/div>\n\n\n\n<div class=\"wp-block-uagb-container uagb-block-81af3321 alignfull uagb-is-root-container\"><div class=\"uagb-container-inner-blocks-wrap\">\n<div class=\"wp-block-uagb-container uagb-block-b26331b1\">\n<div class=\"wp-block-uagb-info-box uagb-block-87fbb83a uagb-infobox__content-wrap  uagb-infobox-icon-above-title uagb-infobox-image-valign-top\"><div class=\"uagb-ifb-content\"><div class=\"uagb-ifb-title-wrap\"><h3 class=\"uagb-ifb-title\">He me\ua78ce mo a\u014ba e te n\u016bna\ua78ca o te k\u0101i\u014ba<\/h3><\/div><p class=\"uagb-ifb-desc\">Ta\ua78ce n\u014d ki te \u014b\u0101 poki o te hare h\u0101p\u012b ana h\u0101p\u012b o ru\u014ba i te me\ua78ce mo a\u014ba. Te ta\u014bata h\u012b ika, te ta\u014bata keu-keu henua \ua78ce t\u0113tahi n\u016bna\ua78ca o te k\u0101i\u014ba tako\ua78ca, e h\u0101p\u012b e a\u014bi-a\u014bi o ru\u014ba i te \u014b\u0101 me\ua78ce ta\ua78cato\ua78ca nei mo h\u0101\ua78c\u016b\ua78c\u016b mo haka \ua78cuhu i te \ua78cati nei. <br><br>E \ua78cite mo a\u014ba i te me\ua78ce riva-riva mo te henua, \ua78ce e haka kore te a\u014ba i te \u014b\u0101 me\ua78ce era e rave\ua78c\u012bno ena i te t\u0101tou k\u0101i\u014ba nei, te aura\ua78ca e haka \ua78citi te pua\ua78ca \ua78ce i te hoi e kau ena i kamp\u014d<strong>.<\/strong> \ua78cE e haka kore te a\u014ba ena he tutu taha\u014ba i te m\u0101uku.<br><br><strong>He uma\u014ba o te ta\u014bata \ua78ce he haka \ua78cite i te parauti\ua78ca ki te ta\u014bata<br><\/strong><br>Te h\u0101\ua78c\u016b\ua78c\u016b o te ta\u014bata ta\ua78cato\ua78ca o te k\u0101i\u014ba he rave\ua78ca p\u016bai mau \ua78c\u0101 mo te a\u014ba nui-nui nei. Ka h\u0101p\u012b, ka \ua78cite era o ru\u014ba i nei \ua78cati he pohe te ta\u014bata mo uma\u014ba, mo h\u0101\ua78c\u016b\ua78c\u016b i te a\u014ba. <br><br>Ko te me\ua78ce nei te me\ua78ce e tute ena mo rava\ua78ca e te programa nei, e piri ena ananake mo haka \ua78cite ki te ta\u014bata \u2018e mo a\u014bi-a\u014bi i te r\u0101ua mana\ua78cu mo h\u0101\ua78c\u016b\ua78c\u016b i te a\u014ba, mo h\u0101pa\ua78co a Rapa Nui mai te \ua78cati nei he cambio clim\u00e1tico.<\/p><\/div><\/div>\n<\/div>\n\n\n\n<div class=\"wp-block-uagb-container uagb-block-02c5b425\">\n<div class=\"wp-block-uagb-image alignleft uagb-block-b42b0384 wp-block-uagb-image--layout-default wp-block-uagb-image--effect-static wp-block-uagb-image--align-left\"><figure class=\"wp-block-uagb-image__figure\"><img decoding=\"async\" srcset=\"https:\/\/www.amuateoka.org\/rapa\/wp-content\/uploads\/2023\/12\/d3-edu.jpg ,https:\/\/www.amuateoka.org\/rapa\/wp-content\/uploads\/2023\/12\/d3-edu.jpg 780w, https:\/\/www.amuateoka.org\/rapa\/wp-content\/uploads\/2023\/12\/d3-edu.jpg 360w\" sizes=\"auto, (max-width: 480px) 150px\" src=\"https:\/\/www.amuateoka.org\/rapa\/wp-content\/uploads\/2023\/12\/d3-edu.jpg\" alt=\"\" class=\"uag-image-280\" width=\"600\" height=\"800\" title=\"\" loading=\"lazy\"\/><figcaption class=\"uagb-image-caption\">Ki te ta\u014bata keu-keu henua e noho ena \ua78ci uta e h\u0101p\u012b tako\ua78ca r\u014d \ua78cana ki a r\u0101ua o ru\u014ba i te huru tano mo \ua78coka i te kai.<\/figcaption><\/figure><\/div>\n<\/div>\n<\/div><\/div>\n\n\n\n<div class=\"wp-block-uagb-container uagb-block-e19d2dae alignfull uagb-is-root-container\"><div class=\"uagb-container-inner-blocks-wrap\">\n<div class=\"wp-block-uagb-container uagb-block-a3b0a240\">\n<div class=\"wp-block-uagb-info-box uagb-block-07d3003e uagb-infobox__content-wrap  uagb-infobox-icon-above-title uagb-infobox-image-valign-top\"><div class=\"uagb-ifb-content\"><div class=\"uagb-ifb-title-wrap\"><h3 class=\"uagb-ifb-title\">He h\u0101p\u012b ki te ta\ua78cato\ua78ca \ua78ce he haka \ua78cite ki te ta\ua78cato\ua78ca he me\ua78ce riva-riva mau \ua78c\u0101 mo a\u014ba<\/h3><\/div><p class=\"uagb-ifb-desc\">Te haka \ua78cite ki te ta\ua78cato\ua78ca p\u0113 h\u0113 e a\u014ba e oho mai ena i te a\u014ba nui-nui nei ha roto i te\u00a0 teata\u00a0 \ua78ce a roto i te\u00a0 redes sociales, he me\ua78ce nui.nui mau \ua78c\u0101 mo a\u014ba. <br><br>Mo haka \ua78cite e te p\u016b\ua78coko haka tere e pe ira \ua78c\u0101 e te ta\u014bata o te k\u0101i\u014ba i te r\u0101ua mana\ua78cu, i te r\u0101ua me\ua78ce ha\u014ba mo a\u014ba mo h\u0101pa\u2019o a Rapa nui, he t\u012b-tika te a\u014ba nei. <br><br>Mo h\u0101p\u012b ki te tanata o te k\u0101i\u014ba o ru\u014ba i te \ua78cati nei \ua78ce mo ha\u014ba o r\u0101ua mo pu\ua78ca mai i te rima, te a\u014ba nei ka riva-riva ena. Te me\ua78ce ha\u014ba mo rava\ua78ca mai, mo uma\u014ba tahi te mahi\u014bo o te k\u0101i\u014ba.<br><\/p><\/div><\/div>\n<\/div>\n\n\n\n<div class=\"wp-block-uagb-container uagb-block-750028f7\">\n<div class=\"wp-block-uagb-image aligncenter uagb-block-11c205c5 wp-block-uagb-image--layout-default wp-block-uagb-image--effect-static wp-block-uagb-image--align-center\"><figure class=\"wp-block-uagb-image__figure\"><img decoding=\"async\" srcset=\"https:\/\/www.amuateoka.org\/rapa\/wp-content\/uploads\/2023\/12\/c-edu.webp ,https:\/\/www.amuateoka.org\/rapa\/wp-content\/uploads\/2023\/12\/c-edu.webp 780w, https:\/\/www.amuateoka.org\/rapa\/wp-content\/uploads\/2023\/12\/c-edu.webp 360w\" sizes=\"auto, (max-width: 480px) 150px\" src=\"https:\/\/www.amuateoka.org\/rapa\/wp-content\/uploads\/2023\/12\/c-edu.webp\" alt=\"\" class=\"uag-image-276\" width=\"600\" height=\"800\" title=\"\" loading=\"lazy\"\/><figcaption class=\"uagb-image-caption\">E ai r\u014d \ua78c\u0101 te ta\u014bata mo h\u0101\ua78c\u016b\ua78c\u016b i te a\u014ba mo h\u0101p\u012b ki te ta\u014bata ha\u014ba mo pu\ua78ca mai i te rima i te a\u014ba nei he \ua78coka tumu.<\/figcaption><\/figure><\/div>\n<\/div>\n<\/div><\/div>\n","protected":false},"excerpt":{"rendered":"","protected":false},"author":1,"featured_media":0,"parent":0,"menu_order":0,"comment_status":"closed","ping_status":"closed","template":"","meta":{"_uag_custom_page_level_css":"","site-sidebar-layout":"default","site-content-layout":"","ast-site-content-layout":"","site-content-style":"default","site-sidebar-style":"default","ast-global-header-display":"","ast-banner-title-visibility":"","ast-main-header-display":"","ast-hfb-above-header-display":"","ast-hfb-below-header-display":"","ast-hfb-mobile-header-display":"","site-post-title":"disabled","ast-breadcrumbs-content":"","ast-featured-img":"","footer-sml-layout":"","theme-transparent-header-meta":"","adv-header-id-meta":"","stick-header-meta":"","header-above-stick-meta":"","header-main-stick-meta":"","header-below-stick-meta":"","astra-migrate-meta-layouts":"default","ast-page-background-enabled":"default","ast-page-background-meta":{"desktop":{"background-color":"var(--ast-global-color-4)","background-image":"","background-repeat":"repeat","background-position":"center center","background-size":"auto","background-attachment":"scroll","background-type":"","background-media":"","overlay-type":"","overlay-color":"","overlay-gradient":""},"tablet":{"background-color":"","background-image":"","background-repeat":"repeat","background-position":"center center","background-size":"auto","background-attachment":"scroll","background-type":"","background-media":"","overlay-type":"","overlay-color":"","overlay-gradient":""},"mobile":{"background-color":"","background-image":"","background-repeat":"repeat","background-position":"center center","background-size":"auto","background-attachment":"scroll","background-type":"","background-media":"","overlay-type":"","overlay-color":"","overlay-gradient":""}},"ast-content-background-meta":{"desktop":{"background-color":"var(--ast-global-color-5)","background-image":"","background-repeat":"repeat","background-position":"center center","background-size":"auto","background-attachment":"scroll","background-type":"","background-media":"","overlay-type":"","overlay-color":"","overlay-gradient":""},"tablet":{"background-color":"var(--ast-global-color-5)","background-image":"","background-repeat":"repeat","background-position":"center center","background-size":"auto","background-attachment":"scroll","background-type":"","background-media":"","overlay-type":"","overlay-color":"","overlay-gradient":""},"mobile":{"background-color":"var(--ast-global-color-5)","background-image":"","background-repeat":"repeat","background-position":"center center","background-size":"auto","background-attachment":"scroll","background-type":"","background-media":"","overlay-type":"","overlay-color":"","overlay-gradient":""}},"footnotes":""},"class_list":["post-21","page","type-page","status-publish","hentry"],"uagb_featured_image_src":{"full":false,"thumbnail":false,"medium":false,"medium_large":false,"large":false,"1536x1536":false,"2048x2048":false},"uagb_author_info":{"display_name":"AmuaTeOka","author_link":"https:\/\/www.amuateoka.org\/rapa\/author\/admin_jt0omzfo\/"},"uagb_comment_info":0,"uagb_excerpt":null,"_links":{"self":[{"href":"https:\/\/www.amuateoka.org\/rapa\/wp-json\/wp\/v2\/pages\/21","targetHints":{"allow":["GET"]}}],"collection":[{"href":"https:\/\/www.amuateoka.org\/rapa\/wp-json\/wp\/v2\/pages"}],"about":[{"href":"https:\/\/www.amuateoka.org\/rapa\/wp-json\/wp\/v2\/types\/page"}],"author":[{"embeddable":true,"href":"https:\/\/www.amuateoka.org\/rapa\/wp-json\/wp\/v2\/users\/1"}],"replies":[{"embeddable":true,"href":"https:\/\/www.amuateoka.org\/rapa\/wp-json\/wp\/v2\/comments?post=21"}],"version-history":[{"count":17,"href":"https:\/\/www.amuateoka.org\/rapa\/wp-json\/wp\/v2\/pages\/21\/revisions"}],"predecessor-version":[{"id":703,"href":"https:\/\/www.amuateoka.org\/rapa\/wp-json\/wp\/v2\/pages\/21\/revisions\/703"}],"wp:attachment":[{"href":"https:\/\/www.amuateoka.org\/rapa\/wp-json\/wp\/v2\/media?parent=21"}],"curies":[{"name":"wp","href":"https:\/\/api.w.org\/{rel}","templated":true}]}}