{"id":114,"date":"2023-12-22T17:43:20","date_gmt":"2023-12-22T17:43:20","guid":{"rendered":"https:\/\/www.amuateoka.org\/rapa\/?page_id=114"},"modified":"2024-02-22T01:12:18","modified_gmt":"2024-02-22T01:12:18","slug":"actualidad","status":"publish","type":"page","link":"https:\/\/www.amuateoka.org\/rapa\/el-programa\/actualidad\/","title":{"rendered":"HE PARAU \u0100P\u012a"},"content":{"rendered":"\n<div class=\"wp-block-uagb-container uagb-block-ghkexdek alignfull uagb-is-root-container\"><div class=\"uagb-container-inner-blocks-wrap\">\n<div class=\"wp-block-uagb-container uagb-block-lxu0k9tn\">\n<div class=\"wp-block-uagb-info-box uagb-block-c0mdlamq uagb-infobox__content-wrap  uagb-infobox-icon-above-title uagb-infobox-image-valign-top\"><div class=\"uagb-ifb-content\"><div class=\"uagb-ifb-title-wrap\"><h1 class=\"uagb-ifb-title\">He parau \ua78c\u0101p\u012b o te Programa<\/h1><\/div><\/div><\/div>\n<\/div>\n\n\n\n<div class=\"wp-block-uagb-container uagb-block-wjqscad2\">\n<div class=\"wp-block-uagb-info-box uagb-block-s5fof8eo uagb-infobox__content-wrap  uagb-infobox-icon-above-title uagb-infobox-image-valign-top\"><div class=\"uagb-ifb-content\"><div class=\"uagb-ifb-title-wrap\"><\/div><p class=\"uagb-ifb-desc\">He parau \ua78c\u0101p\u012b mo haka \u2018ite atu i te a\u014ba e a\u014ba mai ena e te programa programa \u201cTRANSFERENCIA EDUCACI\u00d3N Y REFORESTACI\u00d3N PARA EL CAMBIO CLIM\u00c1TICO EN RAPA NUI\u00bb.<\/p><\/div><\/div>\n\n\n\n<hr class=\"wp-block-separator has-alpha-channel-opacity\"\/>\n<\/div>\n<\/div><\/div>\n\n\n\n<div class=\"wp-block-uagb-container uagb-block-2d1d3b62 alignfull uagb-is-root-container\"><div class=\"uagb-container-inner-blocks-wrap\">\n<p class=\"has-text-align-center has-ast-global-color-0-color has-text-color has-link-color wp-elements-d0ea1c3e7752c0b93d66bc5c918bb1c9\" style=\"margin-top:0;margin-right:0;margin-bottom:0;margin-left:0;padding-top:0;padding-right:0;padding-bottom:0;padding-left:0;font-size:12px\">Comparte<\/p>\n\n\n\n<div class=\"wp-block-uagb-social-share uagb-social-share__outer-wrap uagb-social-share__layout-horizontal uagb-block-a35ef970\">\n<div class=\"wp-block-uagb-social-share-child uagb-ss-repeater uagb-ss__wrapper uagb-block-62086882\"><span class=\"uagb-ss__link\" data-href=\"https:\/\/api.whatsapp.com\/send?text=\" tabindex=\"0\" role=\"button\" aria-label=\"whatsapp\"><span class=\"uagb-ss__source-wrap\"><span class=\"uagb-ss__source-icon\"><svg xmlns=\"https:\/\/www.w3.org\/2000\/svg\" viewBox=\"0 0 448 512\"><path d=\"M380.9 97.1C339 55.1 283.2 32 223.9 32c-122.4 0-222 99.6-222 222 0 39.1 10.2 77.3 29.6 111L0 480l117.7-30.9c32.4 17.7 68.9 27 106.1 27h.1c122.3 0 224.1-99.6 224.1-222 0-59.3-25.2-115-67.1-157zm-157 341.6c-33.2 0-65.7-8.9-94-25.7l-6.7-4-69.8 18.3L72 359.2l-4.4-7c-18.5-29.4-28.2-63.3-28.2-98.2 0-101.7 82.8-184.5 184.6-184.5 49.3 0 95.6 19.2 130.4 54.1 34.8 34.9 56.2 81.2 56.1 130.5 0 101.8-84.9 184.6-186.6 184.6zm101.2-138.2c-5.5-2.8-32.8-16.2-37.9-18-5.1-1.9-8.8-2.8-12.5 2.8-3.7 5.6-14.3 18-17.6 21.8-3.2 3.7-6.5 4.2-12 1.4-32.6-16.3-54-29.1-75.5-66-5.7-9.8 5.7-9.1 16.3-30.3 1.8-3.7 .9-6.9-.5-9.7-1.4-2.8-12.5-30.1-17.1-41.2-4.5-10.8-9.1-9.3-12.5-9.5-3.2-.2-6.9-.2-10.6-.2-3.7 0-9.7 1.4-14.8 6.9-5.1 5.6-19.4 19-19.4 46.3 0 27.3 19.9 53.7 22.6 57.4 2.8 3.7 39.1 59.7 94.8 83.8 35.2 15.2 49 16.5 66.6 13.9 10.7-1.6 32.8-13.4 37.4-26.4 4.6-13 4.6-24.1 3.2-26.4-1.3-2.5-5-3.9-10.5-6.6z\"><\/path><\/svg><\/span><\/span><\/span><\/div>\n\n\n\n<div class=\"wp-block-uagb-social-share-child uagb-ss-repeater uagb-ss__wrapper uagb-block-8de99042\"><span class=\"uagb-ss__link\" data-href=\"https:\/\/www.facebook.com\/sharer.php?u=\" tabindex=\"0\" role=\"button\" aria-label=\"facebook\"><span class=\"uagb-ss__source-wrap\"><span class=\"uagb-ss__source-icon\"><svg xmlns=\"https:\/\/www.w3.org\/2000\/svg\" viewBox=\"0 0 512 512\"><path d=\"M504 256C504 119 393 8 256 8S8 119 8 256c0 123.8 90.69 226.4 209.3 245V327.7h-63V256h63v-54.64c0-62.15 37-96.48 93.67-96.48 27.14 0 55.52 4.84 55.52 4.84v61h-31.28c-30.8 0-40.41 19.12-40.41 38.73V256h68.78l-11 71.69h-57.78V501C413.3 482.4 504 379.8 504 256z\"><\/path><\/svg><\/span><\/span><\/span><\/div>\n\n\n\n<div class=\"wp-block-uagb-social-share-child uagb-ss-repeater uagb-ss__wrapper uagb-block-289edd8c\"><span class=\"uagb-ss__link\" data-href=\"https:\/\/twitter.com\/share?url=\" tabindex=\"0\" role=\"button\" aria-label=\"twitter\"><span class=\"uagb-ss__source-wrap\"><span class=\"uagb-ss__source-icon\"><svg xmlns=\"https:\/\/www.w3.org\/2000\/svg\" viewBox=\"0 0 448 512\"><path d=\"M400 32H48C21.5 32 0 53.5 0 80v352c0 26.5 21.5 48 48 48h352c26.5 0 48-21.5 48-48V80c0-26.5-21.5-48-48-48zm-48.9 158.8c.2 2.8 .2 5.7 .2 8.5 0 86.7-66 186.6-186.6 186.6-37.2 0-71.7-10.8-100.7-29.4 5.3 .6 10.4 .8 15.8 .8 30.7 0 58.9-10.4 81.4-28-28.8-.6-53-19.5-61.3-45.5 10.1 1.5 19.2 1.5 29.6-1.2-30-6.1-52.5-32.5-52.5-64.4v-.8c8.7 4.9 18.9 7.9 29.6 8.3a65.45 65.45 0 0 1 -29.2-54.6c0-12.2 3.2-23.4 8.9-33.1 32.3 39.8 80.8 65.8 135.2 68.6-9.3-44.5 24-80.6 64-80.6 18.9 0 35.9 7.9 47.9 20.7 14.8-2.8 29-8.3 41.6-15.8-4.9 15.2-15.2 28-28.8 36.1 13.2-1.4 26-5.1 37.8-10.2-8.9 13.1-20.1 24.7-32.9 34z\"><\/path><\/svg><\/span><\/span><\/span><\/div>\n\n\n\n<div class=\"wp-block-uagb-social-share-child uagb-ss-repeater uagb-ss__wrapper uagb-block-67e130fa\"><span class=\"uagb-ss__link\" data-href=\"mailto:?body=\" tabindex=\"0\" role=\"button\" aria-label=\"email\"><span class=\"uagb-ss__source-wrap\"><span class=\"uagb-ss__source-icon\"><svg xmlns=\"https:\/\/www.w3.org\/2000\/svg\" viewBox=\"0 0 512 512\"><path d=\"M464 64C490.5 64 512 85.49 512 112C512 127.1 504.9 141.3 492.8 150.4L275.2 313.6C263.8 322.1 248.2 322.1 236.8 313.6L19.2 150.4C7.113 141.3 0 127.1 0 112C0 85.49 21.49 64 48 64H464zM217.6 339.2C240.4 356.3 271.6 356.3 294.4 339.2L512 176V384C512 419.3 483.3 448 448 448H64C28.65 448 0 419.3 0 384V176L217.6 339.2z\"><\/path><\/svg><\/span><\/span><\/span><\/div>\n<\/div>\n\n\n\n<div style=\"height:20px\" aria-hidden=\"true\" class=\"wp-block-spacer\"><\/div>\n<\/div><\/div>\n\n\n\n<div style=\"height:100px\" aria-hidden=\"true\" class=\"wp-block-spacer\"><\/div>\n\n\n\n\t\t\t<div class=\"wp-block-uagb-post-grid uagb-post-grid  uagb-post__image-position-top uagb-post__image-enabled uagb-block-4c38c561     uagb-post__items uagb-post__columns-3 is-grid uagb-post__columns-tablet-2 uagb-post__columns-mobile-1 uagb-post__equal-height\" data-total=\"1\" style=\"\">\n\n\t\t\t\t\t\t\t\t\t\t\t\t<article class=\"uagb-post__inner-wrap\">\t\t\t\t\t\t\t\t<div class='uagb-post__image'>\n\t\t\t\t\t\t\t\t\t<a href=\"https:\/\/www.amuateoka.org\/rapa\/puntos-de-regeneracion-una-tecnica-rustica-y-sencilla-para-apoyar-el-control-de-la-erosion-en-rapa-nui\/\" target=\"_self\" rel=\"bookmark noopener noreferrer\" class='uagb-image-ratio-2-3'><img loading=\"lazy\" decoding=\"async\" width=\"1000\" height=\"513\" src=\"https:\/\/www.amuateoka.org\/rapa\/wp-content\/uploads\/2024\/01\/5.webp\" class=\"attachment-large size-large\" alt=\"\" srcset=\"https:\/\/www.amuateoka.org\/rapa\/wp-content\/uploads\/2024\/01\/5.webp 1000w, https:\/\/www.amuateoka.org\/rapa\/wp-content\/uploads\/2024\/01\/5-300x154.webp 300w, https:\/\/www.amuateoka.org\/rapa\/wp-content\/uploads\/2024\/01\/5-768x394.webp 768w\" sizes=\"auto, (max-width: 1000px) 100vw, 1000px\" \/>\t\t\t\t\t<\/a>\n\t\t\t\t\t\t\t<\/div>\n\t\t\t\t\t\t<h4 class=\"uagb-post__title uagb-post__text\">\n\t\t\t\t<a href=\"https:\/\/www.amuateoka.org\/rapa\/puntos-de-regeneracion-una-tecnica-rustica-y-sencilla-para-apoyar-el-control-de-la-erosion-en-rapa-nui\/\" target=\"_self\" rel=\"bookmark noopener noreferrer\">\u00abPUNTOS DE REGENERACI\u00d3N\u00bb: UNA T\u00c9CNICA R\u00daSTICA Y SENCILLA PARA APOYAR EL CONTROL DE LA EROSI\u00d3N EN RAPA NUI<\/a>\n\t\t\t<\/h4>\n\t\t\t\t\t\t<div class='uagb-post__text uagb-post-grid-byline'>\n\t\t\t\t\t\t\t\t<time datetime=\"2024-01-17T17:52:47+00:00\" class=\"uagb-post__date\">\n\t\t\t\t<span class=\"dashicons-calendar dashicons\"><\/span>\t\t\t\t\tenero 17, 2024\t\t\t\t<\/time>\n\t\t\t\t\t\t\t<span class=\"uagb-post__comment\">\n\t\t\t\t<span class=\"dashicons-admin-comments dashicons\"><\/span>\t\t\t\t\tNo hay comentarios\t\t\t\t<\/span>\n\t\t\t\t\t\t<\/div>\n\t\t\t\t\t\t\t<div class='uagb-post__text uagb-post__excerpt'>\n\t\t\t\t\t<p>Taller de capacitaci\u00f3n culmin\u00f3 con compromisos de implementaci\u00f3n en el corto plazo\u00bbPuntos de regeneraci\u00f3n\u00bb: una t\u00e9cnica r\u00fastica y sencilla para apoyar el control de la erosi\u00f3n en Rapa NuiEl 16 de enero, en el Centro Lector Katipare, se llev\u00f3 a cabo el taller de capacitaci\u00f3n \u00abPropuesta de puntos de regeneraci\u00f3n&#8230;\t\t\t\t<\/div>\n\t\t\t\t\t\t<div class=\"uagb-post__text uagb-post__cta wp-block-button\">\n\t\t\t\t<a class=\"wp-block-button__link uagb-text-link\" href=\"https:\/\/www.amuateoka.org\/rapa\/puntos-de-regeneracion-una-tecnica-rustica-y-sencilla-para-apoyar-el-control-de-la-erosion-en-rapa-nui\/\" target=\"_self\" rel=\"bookmark noopener noreferrer\">M\u00e1s<\/a>\n\t\t\t<\/div>\n\t\t\t\t\t\t\t\t\t\t\t\t<\/article>\n\t\t\t\t\t\t\t\t\t\t\t\t\t\t\t\t<article class=\"uagb-post__inner-wrap\">\t\t\t\t\t\t\t\t<div class='uagb-post__image'>\n\t\t\t\t\t\t\t\t\t<a href=\"https:\/\/www.amuateoka.org\/rapa\/rapa-nui-en-la-cop28-la-adaptacion-al-cambio-climatico-es-urgente-para-las-islas-de-polinesia\/\" target=\"_self\" rel=\"bookmark noopener noreferrer\" class='uagb-image-ratio-2-3'><img loading=\"lazy\" decoding=\"async\" width=\"1024\" height=\"582\" src=\"https:\/\/www.amuateoka.org\/rapa\/wp-content\/uploads\/2024\/01\/Caucus-Indigena_Reuniones-de-coordinacion-1024x582.webp\" class=\"attachment-large size-large\" alt=\"\" srcset=\"https:\/\/www.amuateoka.org\/rapa\/wp-content\/uploads\/2024\/01\/Caucus-Indigena_Reuniones-de-coordinacion-1024x582.webp 1024w, https:\/\/www.amuateoka.org\/rapa\/wp-content\/uploads\/2024\/01\/Caucus-Indigena_Reuniones-de-coordinacion-300x170.webp 300w, https:\/\/www.amuateoka.org\/rapa\/wp-content\/uploads\/2024\/01\/Caucus-Indigena_Reuniones-de-coordinacion-768x436.webp 768w, https:\/\/www.amuateoka.org\/rapa\/wp-content\/uploads\/2024\/01\/Caucus-Indigena_Reuniones-de-coordinacion.webp 1280w\" sizes=\"auto, (max-width: 1024px) 100vw, 1024px\" \/>\t\t\t\t\t<\/a>\n\t\t\t\t\t\t\t<\/div>\n\t\t\t\t\t\t<h4 class=\"uagb-post__title uagb-post__text\">\n\t\t\t\t<a href=\"https:\/\/www.amuateoka.org\/rapa\/rapa-nui-en-la-cop28-la-adaptacion-al-cambio-climatico-es-urgente-para-las-islas-de-polinesia\/\" target=\"_self\" rel=\"bookmark noopener noreferrer\">RAPA NUI EN LA COP28: LA ADAPTACI\u00d3N AL CAMBIO CLIM\u00c1TICO ES URGENTE PARA LAS ISLAS DE POLINESIA<\/a>\n\t\t\t<\/h4>\n\t\t\t\t\t\t<div class='uagb-post__text uagb-post-grid-byline'>\n\t\t\t\t\t\t\t\t<time datetime=\"2024-01-10T00:39:28+00:00\" class=\"uagb-post__date\">\n\t\t\t\t<span class=\"dashicons-calendar dashicons\"><\/span>\t\t\t\t\tenero 10, 2024\t\t\t\t<\/time>\n\t\t\t\t\t\t\t<span class=\"uagb-post__comment\">\n\t\t\t\t<span class=\"dashicons-admin-comments dashicons\"><\/span>\t\t\t\t\tNo hay comentarios\t\t\t\t<\/span>\n\t\t\t\t\t\t<\/div>\n\t\t\t\t\t\t\t<div class='uagb-post__text uagb-post__excerpt'>\n\t\t\t\t\t<p>Todos reconocen que las islas del Pac\u00edfico est\u00e1n en la primera l\u00ednea de la crisis clim\u00e1ticaRapa Nui en la COP28: La adaptaci\u00f3n al cambio clim\u00e1tico es urgente para las islas de PolinesiaComo parte de la vinculaci\u00f3n cient\u00edfica del Programa de Cambio Clim\u00e1tico una delegaci\u00f3n de Rapa Nui particip\u00f3 en esta&#8230;\t\t\t\t<\/div>\n\t\t\t\t\t\t<div class=\"uagb-post__text uagb-post__cta wp-block-button\">\n\t\t\t\t<a class=\"wp-block-button__link uagb-text-link\" href=\"https:\/\/www.amuateoka.org\/rapa\/rapa-nui-en-la-cop28-la-adaptacion-al-cambio-climatico-es-urgente-para-las-islas-de-polinesia\/\" target=\"_self\" rel=\"bookmark noopener noreferrer\">M\u00e1s<\/a>\n\t\t\t<\/div>\n\t\t\t\t\t\t\t\t\t\t\t\t<\/article>\n\t\t\t\t\t\t\t\t\t\t\t\t\t\t\t\t<article class=\"uagb-post__inner-wrap\">\t\t\t\t\t\t\t\t<div class='uagb-post__image'>\n\t\t\t\t\t\t\t\t\t<a href=\"https:\/\/www.amuateoka.org\/rapa\/conadi-sag-pdti-indap-y-conaf-unifican-criterios-para-desarrollar-actividades-de-recuperacion-de-suelos\/\" target=\"_self\" rel=\"bookmark noopener noreferrer\" class='uagb-image-ratio-2-3'><img loading=\"lazy\" decoding=\"async\" width=\"600\" height=\"400\" src=\"https:\/\/www.amuateoka.org\/rapa\/wp-content\/uploads\/2024\/01\/destacada-IMG_5371.webp\" class=\"attachment-large size-large\" alt=\"\" srcset=\"https:\/\/www.amuateoka.org\/rapa\/wp-content\/uploads\/2024\/01\/destacada-IMG_5371.webp 600w, https:\/\/www.amuateoka.org\/rapa\/wp-content\/uploads\/2024\/01\/destacada-IMG_5371-300x200.webp 300w\" sizes=\"auto, (max-width: 600px) 100vw, 600px\" \/>\t\t\t\t\t<\/a>\n\t\t\t\t\t\t\t<\/div>\n\t\t\t\t\t\t<h4 class=\"uagb-post__title uagb-post__text\">\n\t\t\t\t<a href=\"https:\/\/www.amuateoka.org\/rapa\/conadi-sag-pdti-indap-y-conaf-unifican-criterios-para-desarrollar-actividades-de-recuperacion-de-suelos\/\" target=\"_self\" rel=\"bookmark noopener noreferrer\">CONADI, SAG, PDTI, INDAP Y CONAF UNIFICAN CRITERIOS PARA DESARROLLAR ACTIVIDADES DE RECUPERACI\u00d3N DE SUELOS<\/a>\n\t\t\t<\/h4>\n\t\t\t\t\t\t<div class='uagb-post__text uagb-post-grid-byline'>\n\t\t\t\t\t\t\t\t<time datetime=\"2024-01-04T16:05:19+00:00\" class=\"uagb-post__date\">\n\t\t\t\t<span class=\"dashicons-calendar dashicons\"><\/span>\t\t\t\t\tenero 4, 2024\t\t\t\t<\/time>\n\t\t\t\t\t\t\t<span class=\"uagb-post__comment\">\n\t\t\t\t<span class=\"dashicons-admin-comments dashicons\"><\/span>\t\t\t\t\tNo hay comentarios\t\t\t\t<\/span>\n\t\t\t\t\t\t<\/div>\n\t\t\t\t\t\t\t<div class='uagb-post__text uagb-post__excerpt'>\n\t\t\t\t\tRepresentantes de diversos organismos p\u00fablicos vinculados al \u00e1rea silvoagropecuaria se congregaron el mi\u00e9rcoles 3 de enero en el auditorio de CONAF Rapa Nui para llevar a cabo una reuni\u00f3n t\u00e9cnica destinada a unificar criterios y definir estrategias concretas para un programa integral de control de erosi\u00f3n y recuperaci\u00f3n de suelos&#8230;\t\t\t\t<\/div>\n\t\t\t\t\t\t<div class=\"uagb-post__text uagb-post__cta wp-block-button\">\n\t\t\t\t<a class=\"wp-block-button__link uagb-text-link\" href=\"https:\/\/www.amuateoka.org\/rapa\/conadi-sag-pdti-indap-y-conaf-unifican-criterios-para-desarrollar-actividades-de-recuperacion-de-suelos\/\" target=\"_self\" rel=\"bookmark noopener noreferrer\">M\u00e1s<\/a>\n\t\t\t<\/div>\n\t\t\t\t\t\t\t\t\t\t\t\t<\/article>\n\t\t\t\t\t\t\t\t\t\t\t\t\t\t\t\t<article class=\"uagb-post__inner-wrap\">\t\t\t\t\t\t\t\t<div class='uagb-post__image'>\n\t\t\t\t\t\t\t\t\t<a href=\"https:\/\/www.amuateoka.org\/rapa\/programa-cambio-climatico-impulsa-empleabilidad-rapa-nui\/\" target=\"_self\" rel=\"bookmark noopener noreferrer\" class='uagb-image-ratio-2-3'><img loading=\"lazy\" decoding=\"async\" width=\"600\" height=\"400\" src=\"https:\/\/www.amuateoka.org\/rapa\/wp-content\/uploads\/2023\/08\/12.webp\" class=\"attachment-large size-large\" alt=\"\" srcset=\"https:\/\/www.amuateoka.org\/rapa\/wp-content\/uploads\/2023\/08\/12.webp 600w, https:\/\/www.amuateoka.org\/rapa\/wp-content\/uploads\/2023\/08\/12-300x200.webp 300w\" sizes=\"auto, (max-width: 600px) 100vw, 600px\" \/>\t\t\t\t\t<\/a>\n\t\t\t\t\t\t\t<\/div>\n\t\t\t\t\t\t<h4 class=\"uagb-post__title uagb-post__text\">\n\t\t\t\t<a href=\"https:\/\/www.amuateoka.org\/rapa\/programa-cambio-climatico-impulsa-empleabilidad-rapa-nui\/\" target=\"_self\" rel=\"bookmark noopener noreferrer\">PROGRAMA DE CAMBIO CLIM\u00c1TICO IMPULSA LA EMPLEABILIDAD EN RAPA NUI<\/a>\n\t\t\t<\/h4>\n\t\t\t\t\t\t<div class='uagb-post__text uagb-post-grid-byline'>\n\t\t\t\t\t\t\t\t<time datetime=\"2023-08-20T20:37:41+00:00\" class=\"uagb-post__date\">\n\t\t\t\t<span class=\"dashicons-calendar dashicons\"><\/span>\t\t\t\t\tagosto 20, 2023\t\t\t\t<\/time>\n\t\t\t\t\t\t\t<span class=\"uagb-post__comment\">\n\t\t\t\t<span class=\"dashicons-admin-comments dashicons\"><\/span>\t\t\t\t\tNo hay comentarios\t\t\t\t<\/span>\n\t\t\t\t\t\t<\/div>\n\t\t\t\t\t\t\t<div class='uagb-post__text uagb-post__excerpt'>\n\t\t\t\t\t<p>La iniciativa ayuda a impulsar la reactivaci\u00f3n econ\u00f3mica de la islaPrograma de Cambio Clim\u00e1tico Impulsa la Empleabilidad en Rapa NuiSon varias las diferentes formas en que el Programa de Cambio Clim\u00e1tico contribuye al bienestar de nuestra comunidad El Programa de Cambio Clim\u00e1tico en Rapa Nui ha demostrado un impacto significativo&#8230;\t\t\t\t<\/div>\n\t\t\t\t\t\t<div class=\"uagb-post__text uagb-post__cta wp-block-button\">\n\t\t\t\t<a class=\"wp-block-button__link uagb-text-link\" href=\"https:\/\/www.amuateoka.org\/rapa\/programa-cambio-climatico-impulsa-empleabilidad-rapa-nui\/\" target=\"_self\" rel=\"bookmark noopener noreferrer\">M\u00e1s<\/a>\n\t\t\t<\/div>\n\t\t\t\t\t\t\t\t\t\t\t\t<\/article>\n\t\t\t\t\t\t\t\t\t\t\t\t\t\t\t\t<article class=\"uagb-post__inner-wrap\">\t\t\t\t\t\t\t\t<div class='uagb-post__image'>\n\t\t\t\t\t\t\t\t\t<a href=\"https:\/\/www.amuateoka.org\/rapa\/masiva-plantacion-comunitaria-marca-el-comienzo-del-programa-de-cambio-climatico-en-rapa-nui\/\" target=\"_self\" rel=\"bookmark noopener noreferrer\" class='uagb-image-ratio-2-3'><img loading=\"lazy\" decoding=\"async\" width=\"1024\" height=\"683\" src=\"https:\/\/www.amuateoka.org\/rapa\/wp-content\/uploads\/2023\/12\/d1-1024x683.jpg\" class=\"attachment-large size-large\" alt=\"\" srcset=\"https:\/\/www.amuateoka.org\/rapa\/wp-content\/uploads\/2023\/12\/d1-1024x683.jpg 1024w, https:\/\/www.amuateoka.org\/rapa\/wp-content\/uploads\/2023\/12\/d1-300x200.jpg 300w, https:\/\/www.amuateoka.org\/rapa\/wp-content\/uploads\/2023\/12\/d1-768x512.jpg 768w, https:\/\/www.amuateoka.org\/rapa\/wp-content\/uploads\/2023\/12\/d1.jpg 1280w\" sizes=\"auto, (max-width: 1024px) 100vw, 1024px\" \/>\t\t\t\t\t<\/a>\n\t\t\t\t\t\t\t<\/div>\n\t\t\t\t\t\t<h4 class=\"uagb-post__title uagb-post__text\">\n\t\t\t\t<a href=\"https:\/\/www.amuateoka.org\/rapa\/masiva-plantacion-comunitaria-marca-el-comienzo-del-programa-de-cambio-climatico-en-rapa-nui\/\" target=\"_self\" rel=\"bookmark noopener noreferrer\">MASIVA PLANTACI\u00d3N COMUNITARIA MARCA EL COMIENZO DEL \u201cPROGRAMA DE CAMBIO CLIM\u00c1TICO EN RAPA NUI\u201d<\/a>\n\t\t\t<\/h4>\n\t\t\t\t\t\t<div class='uagb-post__text uagb-post-grid-byline'>\n\t\t\t\t\t\t\t\t<time datetime=\"2023-07-28T19:19:03+00:00\" class=\"uagb-post__date\">\n\t\t\t\t<span class=\"dashicons-calendar dashicons\"><\/span>\t\t\t\t\tjulio 28, 2023\t\t\t\t<\/time>\n\t\t\t\t\t\t\t<span class=\"uagb-post__comment\">\n\t\t\t\t<span class=\"dashicons-admin-comments dashicons\"><\/span>\t\t\t\t\tNo hay comentarios\t\t\t\t<\/span>\n\t\t\t\t\t\t<\/div>\n\t\t\t\t\t\t\t<div class='uagb-post__text uagb-post__excerpt'>\n\t\t\t\t\tCon la participaci\u00f3n del gobernador regional de Valpara\u00edso, Rodrigo Mundaca, y m\u00e1s de 100 personas, incluyendo voluntarios locales, turistas y trabajadores de la Corporaci\u00f3n Nacional Forestal (CONAF), se dio inicio a las plantaciones de la m\u00e1s importante iniciativa emprendida en la isla para mitigar los efectos del cambio clim\u00e1tico en&#8230;\t\t\t\t<\/div>\n\t\t\t\t\t\t<div class=\"uagb-post__text uagb-post__cta wp-block-button\">\n\t\t\t\t<a class=\"wp-block-button__link uagb-text-link\" href=\"https:\/\/www.amuateoka.org\/rapa\/masiva-plantacion-comunitaria-marca-el-comienzo-del-programa-de-cambio-climatico-en-rapa-nui\/\" target=\"_self\" rel=\"bookmark noopener noreferrer\">M\u00e1s<\/a>\n\t\t\t<\/div>\n\t\t\t\t\t\t\t\t\t\t\t\t<\/article>\n\t\t\t\t\t\t\t\t\t\t\t\t\t\t\t\t<article class=\"uagb-post__inner-wrap\">\t\t\t\t\t\t\t\t<div class='uagb-post__image'>\n\t\t\t\t\t\t\t\t\t<a href=\"https:\/\/www.amuateoka.org\/rapa\/primera-plantacion-demostrativa-del-programa-transferencia-educacion-y-reforestacion-para-el-cambio-climatico-en-rapa-nui\/\" target=\"_self\" rel=\"bookmark noopener noreferrer\" class='uagb-image-ratio-2-3'><img loading=\"lazy\" decoding=\"async\" width=\"1000\" height=\"667\" src=\"https:\/\/www.amuateoka.org\/rapa\/wp-content\/uploads\/2023\/12\/e9.jpg\" class=\"attachment-large size-large\" alt=\"\" srcset=\"https:\/\/www.amuateoka.org\/rapa\/wp-content\/uploads\/2023\/12\/e9.jpg 1000w, https:\/\/www.amuateoka.org\/rapa\/wp-content\/uploads\/2023\/12\/e9-300x200.jpg 300w, https:\/\/www.amuateoka.org\/rapa\/wp-content\/uploads\/2023\/12\/e9-768x512.jpg 768w\" sizes=\"auto, (max-width: 1000px) 100vw, 1000px\" \/>\t\t\t\t\t<\/a>\n\t\t\t\t\t\t\t<\/div>\n\t\t\t\t\t\t<h4 class=\"uagb-post__title uagb-post__text\">\n\t\t\t\t<a href=\"https:\/\/www.amuateoka.org\/rapa\/primera-plantacion-demostrativa-del-programa-transferencia-educacion-y-reforestacion-para-el-cambio-climatico-en-rapa-nui\/\" target=\"_self\" rel=\"bookmark noopener noreferrer\">PRIMERA PLANTACI\u00d3N DEMOSTRATIVA DEL PROGRAMA \u201cTRANSFERENCIA EDUCACI\u00d3N Y REFORESTACI\u00d3N PARA EL CAMBIO CLIM\u00c1TICO EN RAPA NUI\u00bb<\/a>\n\t\t\t<\/h4>\n\t\t\t\t\t\t<div class='uagb-post__text uagb-post-grid-byline'>\n\t\t\t\t\t\t\t\t<time datetime=\"2023-06-30T17:37:01+00:00\" class=\"uagb-post__date\">\n\t\t\t\t<span class=\"dashicons-calendar dashicons\"><\/span>\t\t\t\t\tjunio 30, 2023\t\t\t\t<\/time>\n\t\t\t\t\t\t\t<span class=\"uagb-post__comment\">\n\t\t\t\t<span class=\"dashicons-admin-comments dashicons\"><\/span>\t\t\t\t\tNo hay comentarios\t\t\t\t<\/span>\n\t\t\t\t\t\t<\/div>\n\t\t\t\t\t\t\t<div class='uagb-post__text uagb-post__excerpt'>\n\t\t\t\t\tEste mensaje lo destac\u00f3 vez tras vez Ninoska Huki, jefa provincial de CONAF, durante la plantaci\u00f3n demostrativa realizada con la primera generaci\u00f3n de \u00e1rboles producidos por el programa. La actividad se llev\u00f3 a cabo en las inmediaciones de Puna Pau, uno de los sitios del sector periurbano de Hanga Roa&#8230;\t\t\t\t<\/div>\n\t\t\t\t\t\t<div class=\"uagb-post__text uagb-post__cta wp-block-button\">\n\t\t\t\t<a class=\"wp-block-button__link uagb-text-link\" href=\"https:\/\/www.amuateoka.org\/rapa\/primera-plantacion-demostrativa-del-programa-transferencia-educacion-y-reforestacion-para-el-cambio-climatico-en-rapa-nui\/\" target=\"_self\" rel=\"bookmark noopener noreferrer\">M\u00e1s<\/a>\n\t\t\t<\/div>\n\t\t\t\t\t\t\t\t\t\t\t\t<\/article>\n\t\t\t\t\t\t\t\t\t\t\t<\/div>\n\t\t\t","protected":false},"excerpt":{"rendered":"","protected":false},"author":1,"featured_media":0,"parent":27,"menu_order":0,"comment_status":"closed","ping_status":"closed","template":"","meta":{"_uag_custom_page_level_css":"","site-sidebar-layout":"default","site-content-layout":"","ast-site-content-layout":"","site-content-style":"default","site-sidebar-style":"default","ast-global-header-display":"","ast-banner-title-visibility":"","ast-main-header-display":"","ast-hfb-above-header-display":"","ast-hfb-below-header-display":"","ast-hfb-mobile-header-display":"","site-post-title":"disabled","ast-breadcrumbs-content":"","ast-featured-img":"","footer-sml-layout":"","theme-transparent-header-meta":"","adv-header-id-meta":"","stick-header-meta":"","header-above-stick-meta":"","header-main-stick-meta":"","header-below-stick-meta":"","astra-migrate-meta-layouts":"default","ast-page-background-enabled":"default","ast-page-background-meta":{"desktop":{"background-color":"var(--ast-global-color-4)","background-image":"","background-repeat":"repeat","background-position":"center center","background-size":"auto","background-attachment":"scroll","background-type":"","background-media":"","overlay-type":"","overlay-color":"","overlay-gradient":""},"tablet":{"background-color":"","background-image":"","background-repeat":"repeat","background-position":"center center","background-size":"auto","background-attachment":"scroll","background-type":"","background-media":"","overlay-type":"","overlay-color":"","overlay-gradient":""},"mobile":{"background-color":"","background-image":"","background-repeat":"repeat","background-position":"center center","background-size":"auto","background-attachment":"scroll","background-type":"","background-media":"","overlay-type":"","overlay-color":"","overlay-gradient":""}},"ast-content-background-meta":{"desktop":{"background-color":"var(--ast-global-color-5)","background-image":"","background-repeat":"repeat","background-position":"center center","background-size":"auto","background-attachment":"scroll","background-type":"","background-media":"","overlay-type":"","overlay-color":"","overlay-gradient":""},"tablet":{"background-color":"var(--ast-global-color-5)","background-image":"","background-repeat":"repeat","background-position":"center center","background-size":"auto","background-attachment":"scroll","background-type":"","background-media":"","overlay-type":"","overlay-color":"","overlay-gradient":""},"mobile":{"background-color":"var(--ast-global-color-5)","background-image":"","background-repeat":"repeat","background-position":"center center","background-size":"auto","background-attachment":"scroll","background-type":"","background-media":"","overlay-type":"","overlay-color":"","overlay-gradient":""}},"footnotes":""},"class_list":["post-114","page","type-page","status-publish","hentry"],"uagb_featured_image_src":{"full":false,"thumbnail":false,"medium":false,"medium_large":false,"large":false,"1536x1536":false,"2048x2048":false},"uagb_author_info":{"display_name":"AmuaTeOka","author_link":"https:\/\/www.amuateoka.org\/rapa\/author\/admin_jt0omzfo\/"},"uagb_comment_info":0,"uagb_excerpt":null,"_links":{"self":[{"href":"https:\/\/www.amuateoka.org\/rapa\/wp-json\/wp\/v2\/pages\/114","targetHints":{"allow":["GET"]}}],"collection":[{"href":"https:\/\/www.amuateoka.org\/rapa\/wp-json\/wp\/v2\/pages"}],"about":[{"href":"https:\/\/www.amuateoka.org\/rapa\/wp-json\/wp\/v2\/types\/page"}],"author":[{"embeddable":true,"href":"https:\/\/www.amuateoka.org\/rapa\/wp-json\/wp\/v2\/users\/1"}],"replies":[{"embeddable":true,"href":"https:\/\/www.amuateoka.org\/rapa\/wp-json\/wp\/v2\/comments?post=114"}],"version-history":[{"count":12,"href":"https:\/\/www.amuateoka.org\/rapa\/wp-json\/wp\/v2\/pages\/114\/revisions"}],"predecessor-version":[{"id":678,"href":"https:\/\/www.amuateoka.org\/rapa\/wp-json\/wp\/v2\/pages\/114\/revisions\/678"}],"up":[{"embeddable":true,"href":"https:\/\/www.amuateoka.org\/rapa\/wp-json\/wp\/v2\/pages\/27"}],"wp:attachment":[{"href":"https:\/\/www.amuateoka.org\/rapa\/wp-json\/wp\/v2\/media?parent=114"}],"curies":[{"name":"wp","href":"https:\/\/api.w.org\/{rel}","templated":true}]}}